{"id":1121,"date":"2017-05-12T20:38:35","date_gmt":"2017-05-12T20:38:35","guid":{"rendered":"http:\/\/www.schuller.it\/bws\/?page_id=1121"},"modified":"2025-12-06T23:58:47","modified_gmt":"2025-12-06T23:58:47","slug":"habilitation-mentorship","status":"publish","type":"page","link":"http:\/\/www.schuller.it\/bws\/?page_id=1121","title":{"rendered":"Habilitation Theses"},"content":{"rendered":"<h4>Supervisor &#8211; Completed<\/h4>\n<ol>\n<li>Dr. habil. Shahin Amiriparian (Habilitation Thesis, University of Augsburg, 12\/2020-11\/2025, Mentors: Bj\u00f6rn Schuller, Elisabeth Andr\u00e9, Daniel Rueckert, now with Huawei): Affective and Health AI<\/li>\n<\/ol>\n<h4>Mentor &#8211; Completed<\/h4>\n<ol>\n<li>Dr. habil. Gerold H\u00f6lzl (Habilitation Thesis, University of Passau, 05\/2017-07\/2025, Mentors: Bj\u00f6rn Schuller, Daniel Roggen, Matthias Kranz): Embedded Recognition Architectures<\/li>\n<\/ol>\n<h4>Mentor &#8211; Running<\/h4>\n<ol>\n<li>Dr. Oemer Suemer (Habilitation Thesis, University of Augsburg, from 11\/2021, Mentors: Elisabeth Andr\u00e9, Bj\u00f6rn Schuller, Sidney D&#8217;Mello): Nonverbal and Verbal Behavior Analysis for Educational Analytics<\/li>\n<\/ol>\n","protected":false},"excerpt":{"rendered":"<p>Supervisor &#8211; Completed Dr. habil. Shahin Amiriparian (Habilitation Thesis, University of Augsburg, 12\/2020-11\/2025, Mentors: Bj\u00f6rn Schuller, Elisabeth Andr\u00e9, Daniel Rueckert, now with Huawei): Affective and Health AI Mentor &#8211; Completed Dr. habil. Gerold H\u00f6lzl (Habilitation Thesis, University of Passau, 05\/2017-07\/2025, Mentors: Bj\u00f6rn Schuller, Daniel Roggen, Matthias Kranz): Embedded Recognition Architectures\u2026<\/p>\n<p> <a class=\"continue-reading-link\" href=\"http:\/\/www.schuller.it\/bws\/?page_id=1121\"><span>Continue reading<\/span><i class=\"crycon-right-dir\"><\/i><\/a> <\/p>\n","protected":false},"author":1,"featured_media":0,"parent":0,"menu_order":0,"comment_status":"closed","ping_status":"closed","template":"","meta":{"footnotes":""},"class_list":["post-1121","page","type-page","status-publish","hentry"],"_links":{"self":[{"href":"http:\/\/www.schuller.it\/bws\/index.php?rest_route=\/wp\/v2\/pages\/1121","targetHints":{"allow":["GET"]}}],"collection":[{"href":"http:\/\/www.schuller.it\/bws\/index.php?rest_route=\/wp\/v2\/pages"}],"about":[{"href":"http:\/\/www.schuller.it\/bws\/index.php?rest_route=\/wp\/v2\/types\/page"}],"author":[{"embeddable":true,"href":"http:\/\/www.schuller.it\/bws\/index.php?rest_route=\/wp\/v2\/users\/1"}],"replies":[{"embeddable":true,"href":"http:\/\/www.schuller.it\/bws\/index.php?rest_route=%2Fwp%2Fv2%2Fcomments&post=1121"}],"version-history":[{"count":13,"href":"http:\/\/www.schuller.it\/bws\/index.php?rest_route=\/wp\/v2\/pages\/1121\/revisions"}],"predecessor-version":[{"id":8171,"href":"http:\/\/www.schuller.it\/bws\/index.php?rest_route=\/wp\/v2\/pages\/1121\/revisions\/8171"}],"wp:attachment":[{"href":"http:\/\/www.schuller.it\/bws\/index.php?rest_route=%2Fwp%2Fv2%2Fmedia&parent=1121"}],"curies":[{"name":"wp","href":"https:\/\/api.w.org\/{rel}","templated":true}]}}