{"id":12,"date":"2015-12-06T16:47:49","date_gmt":"2015-12-06T16:47:49","guid":{"rendered":"http:\/\/www.schuller.it\/bws\/?page_id=12"},"modified":"2017-07-03T05:14:25","modified_gmt":"2017-07-03T05:14:25","slug":"publications","status":"publish","type":"page","link":"http:\/\/www.schuller.it\/bws\/?page_id=12","title":{"rendered":"Publications"},"content":{"rendered":"<p>Download the full publication list as <a href=\"https:\/\/www.overleaf.com\/articles\/publications-by-bjorn-schuller\/vjyvgjfrzgtf.pdf\">PDF<\/a> or from\u00a0<a href=\"https:\/\/www.overleaf.com\/read\/vjyvgjfrzgtf\" target=\"_blank\" rel=\"noopener noreferrer\">overleaf<\/a>.<\/p>\n<h4>Theses<\/h4>\n<ol>\n<li>Bj\u00f6rn Schuller: <i>&#8220;Intelligent Audio Analysis &#8211; Speech, Music, and Sound Recognition in Real-Life Conditions&#8221;<\/i>, Habilitation Thesis, Technische Universit\u00e4t M\u00fcnchen, Germany, July 2012.<\/li>\n<li>Bj\u00f6rn Schuller: <i>&#8220;Automatische Emotionserkennung aus sprachlicher und manueller Interaktion&#8221;<\/i>, Doctoral Thesis, Technische Universit\u00e4t M\u00fcnchen, Germany, June 2006.<\/li>\n<li>Bj\u00f6rn Schuller: <i>&#8220;Automatisches Verstehen gesprochener mathematischer Formeln&#8221;<\/i>, Diploma Thesis, Institute for Human-Machine Communication, Technische Universit\u00e4t M\u00fcnchen, Germany, October 1999.<\/li>\n<\/ol>\n<h4>Books<\/h4>\n<ol>\n<li>Bj\u00f6rn Schuller: <i>&#8220;Intelligent Audio Analysis&#8221;<\/i>, Signals and Communication Technology, Springer, ISBN: 978-3642368059, 2013.<br \/>\n<img decoding=\"async\" src=\"http:\/\/www.schuller.it\/index-Dateien\/book-iaa-small.jpg\" alt=\"\" \/><\/li>\n<li>Bj\u00f6rn Schuller, Anton Batliner: <i>&#8220;Computational Paralinguistics: Emotion, Affect and Personality in Speech and Language Processing&#8221;<\/i>, to appear, Wiley, ISBN: 978-1119971368, 2013.<br \/>\n<img decoding=\"async\" src=\"http:\/\/www.schuller.it\/index-Dateien\/book-cp-small.jpg\" alt=\"\" \/><\/li>\n<li>Bj\u00f6rn Schuller: <i>&#8220;Mensch, Maschine, Emotion &#8211; Erkennung aus sprachlicher und manueller Interaktion&#8221;<\/i>, VDM Verlag Dr M\u00fcller, Saarbr\u00fccken, ISBN: 978-3-8364-1522-4, 239 pages, 2007.<br \/>\n<img decoding=\"async\" src=\"http:\/\/www.schuller.it\/index-Dateien\/book-mme-small.jpg\" alt=\"\" \/><\/li>\n<li>Alexandra Balahur-Dobrescu, Maite Taboada, Bj\u00f6rn Schuller: <i>&#8220;Computational Methods for Affect Detection from Natural Language&#8221;<\/i>, to appear, Computational Social Sciences, Springer, ISBN: 978-3319006017, 2014.<br \/>\n<img decoding=\"async\" src=\"http:\/\/www.schuller.it\/index-Dateien\/book-CMADNL-small.jpg\" alt=\"\" \/><\/li>\n<li>Kristian Kroschel, Gerhard Rigoll, Bj\u00f6rn Schuller: <i>&#8220;Statistische Informationstechnik&#8221;<\/i>, 5. Neuauflage, Springer Verlag, Berlin\/Heidelberg, ISBN: 978-3-642-15953-4, 382 pages, 2011.<br \/>\n<img decoding=\"async\" src=\"http:\/\/www.schuller.it\/index-Dateien\/book-stat-small.jpg\" alt=\"\" \/><\/li>\n<\/ol>\n<p><img decoding=\"async\" src=\"http:\/\/schuller.it\/index-Dateien\/C64ready_3.gif\" alt=\"Ready.\" \/><\/p>\n","protected":false},"excerpt":{"rendered":"<p>Download the full publication list as PDF or from\u00a0overleaf. Theses Bj\u00f6rn Schuller: &#8220;Intelligent Audio Analysis &#8211; Speech, Music, and Sound Recognition in Real-Life Conditions&#8221;, Habilitation Thesis, Technische Universit\u00e4t M\u00fcnchen, Germany, July 2012. Bj\u00f6rn Schuller: &#8220;Automatische Emotionserkennung aus sprachlicher und manueller Interaktion&#8221;, Doctoral Thesis, Technische Universit\u00e4t M\u00fcnchen, Germany, June 2006. Bj\u00f6rn\u2026<\/p>\n<p> <a class=\"continue-reading-link\" href=\"http:\/\/www.schuller.it\/bws\/?page_id=12\"><span>Continue reading<\/span><i class=\"crycon-right-dir\"><\/i><\/a> <\/p>\n","protected":false},"author":1,"featured_media":0,"parent":0,"menu_order":0,"comment_status":"closed","ping_status":"closed","template":"","meta":{"footnotes":""},"class_list":["post-12","page","type-page","status-publish","hentry"],"_links":{"self":[{"href":"http:\/\/www.schuller.it\/bws\/index.php?rest_route=\/wp\/v2\/pages\/12","targetHints":{"allow":["GET"]}}],"collection":[{"href":"http:\/\/www.schuller.it\/bws\/index.php?rest_route=\/wp\/v2\/pages"}],"about":[{"href":"http:\/\/www.schuller.it\/bws\/index.php?rest_route=\/wp\/v2\/types\/page"}],"author":[{"embeddable":true,"href":"http:\/\/www.schuller.it\/bws\/index.php?rest_route=\/wp\/v2\/users\/1"}],"replies":[{"embeddable":true,"href":"http:\/\/www.schuller.it\/bws\/index.php?rest_route=%2Fwp%2Fv2%2Fcomments&post=12"}],"version-history":[{"count":16,"href":"http:\/\/www.schuller.it\/bws\/index.php?rest_route=\/wp\/v2\/pages\/12\/revisions"}],"predecessor-version":[{"id":1234,"href":"http:\/\/www.schuller.it\/bws\/index.php?rest_route=\/wp\/v2\/pages\/12\/revisions\/1234"}],"wp:attachment":[{"href":"http:\/\/www.schuller.it\/bws\/index.php?rest_route=%2Fwp%2Fv2%2Fmedia&parent=12"}],"curies":[{"name":"wp","href":"https:\/\/api.w.org\/{rel}","templated":true}]}}