{"id":129,"date":"2015-12-07T00:59:02","date_gmt":"2015-12-07T00:59:02","guid":{"rendered":"http:\/\/www.schuller.it\/bws\/?page_id=129"},"modified":"2026-03-23T22:36:09","modified_gmt":"2026-03-23T22:36:09","slug":"theses-reviewing","status":"publish","type":"page","link":"http:\/\/www.schuller.it\/bws\/?page_id=129","title":{"rendered":"Theses Reviewing"},"content":{"rendered":"<h4>Habilitation\u00a0Examiner<\/h4>\n<ol>\n<li>Habilitation Thesis Rapporteur, Nicolas Obin: &#8220;De la repr\u00e9sentation du signal \u00e0 l&#8217;apprentissage de repr\u00e9sentations: Mod\u00e9lisation structur\u00e9e de signaux de parole&#8221;, IRCAM, Paris, France, 2023.<\/li>\n<li>Habilitation Thesis Examiner, Patrick Krauss: &#8220;Language Processing in Artificial Neural Networks and the Human Brain&#8221;, FAU, Erlangen-Nuremberg, Germany, 2022.<\/li>\n<li>Habilitation Thesis Examiner, J\u00f6rn Anem\u00fcller: &#8220;<span style=\"font-size: inherit;\">On Some Statistical Approaches to Information Processing &#8211; Principles, Models, and Applications&#8221;, University of Oldenburg, Oldenburg, Germany, 2020.<\/span><\/li>\n<li>Habilitation Thesis Examiner, Ronald B\u00f6ck: &#8220;Anticipate the User: Multimodal Analyses in Human-Machine Interaction towards Group Interaction&#8221;, Otto-von-Guericke University Magdeburg, Magdeburg, Germany, 2020.<\/li>\n<li>Habilitation Thesis Rapporteur, K\u00e9vin Bailly: &#8220;Apprentissage automatique pour l\u2019analyse des expressions faciales&#8221;, UPMC, Paris, France, 2019.<\/li>\n<li>Habilitation Thesis Rapporteur, Chlo\u00e9 Clavel: &#8220;Analyse des opinions dans les interactions : de la fouille de donn\u00e9es \u00e0 l\u2019interaction humain-agent&#8221;,\u00a0LTCI-CNRS,\u00a0Telecom-ParisTech, Paris, France, 2017.<\/li>\n<li>Habilitation Thesis Rapporteur, Matthieu Geist: &#8220;Contr\u00f4le optimal et apprentissage automatique, applications aux interactions homme-machine&#8221;, Universit\u00e9 de Lille 1, Lille, France, 2016.<\/li>\n<\/ol>\n<h4>PhD Examiner<\/h4>\n<ol>\n<li>Doctoral Thesis Internal Examiner, Andreas Zinonos, &#8220;Deep Representation Learning for Audio-Visual Speech Recognition and Synthesis&#8221;, Imperial College London, London, UK, 2026.<\/li>\n<li>Doctoral Thesis Examiner, Peter Wi\u00dfbrock,\u00a0&#8220;Industrial Sound Analytics Utilizing Signal Processing and Artificial Intelligence&#8221;, Leibniz University Hannover, Hannover, Germany, 2025.<\/li>\n<li>Doctoral Thesis Examiner, Feryal Alskafi, &#8220;Emotional Awareness is Linked to Brain to Heart Coupling: A Neuroengineering Study&#8221;, Khalifa University, Abu Dhabi, UAE, 2025.<\/li>\n<li>Doctoral Thesis External Examiner, Florian Borchert, <em>&#8220;Cross-lingual Medical Text Analysis&#8221;<\/em>, Hasso-Plattner Institute\/University of Potsdam, Potsdam, Germany, 2025.<\/li>\n<li>Doctoral Thesis Internal Examiner, Antoni Bigata, &#8220;Towards More Natural Audio-Driven Facial Animation&#8221;, Imperial College London, London, UK, 2025.<\/li>\n<li>Doctoral Thesis Internal Examiner, Zhenhao Li: &#8220;Robustness in Natural Language Processing&#8221;, Imperial College London, London, UK, 2025.<\/li>\n<li>Doctoral Thesis Rapporteur, Yajing Feng, &#8220;Speech and Text-Based Continuous Emotion Recognition in Real-life Customer Service Call Centers: A Context-Aware Dataset and Empirical Study&#8221;, Sorbonne Universit\u00e9, Paris, France, 2025.<\/li>\n<li>Doctoral Thesis External Examiner (Zweitgutachter), Michael Dietz, &#8220;Assistive Augmentation of Cognitive Processes Using Mobile Signal Processing&#8221;, University of Augsburg, Augsburg, Germany, 2025.<\/li>\n<li>Doctoral Thesis External Examiner (Zweitgutachter), Pol van Rijn, &#8220;Characterizing Emotional Prosody using Human-in-the-Loop Algorithms&#8221;, Max Planck Institute for Empirical Aesthetics \/ University of Augsburg, Germany, 2025.<\/li>\n<li>Doctoral Thesis Visiting External Examiner, Kosmas Pinitas, &#8220;Advancing Affect Modelling via Representation Learning&#8221;, University of Malta, Malta, 2025.<\/li>\n<li>Doctoral Thesis Examiner (Zweitgutachter), Annalisa Baronetto: &#8220;Design and Evaluation of Smart Clothes for Body Sound Monitoring in Free-Living&#8221;, University of Freiburg, Freiburg, Germany, 2025.<\/li>\n<li>Doctoral Thesis External Examiner, Meishu Song, &#8220;Deep Multimodal Analysis for Daily Mental Health Monitoring&#8221;, The University of Tokyo, Tokyo, Japan, 2024.<\/li>\n<li>Doctoral Thesis External Examiner, Daniel Schaudt, &#8220;Improving Deep Learning Performance under Scarce Data Conditions in Medical Imaging&#8221;, University of Ulm, Ulm, Germany, 2024.<\/li>\n<li>Doctoral Thesis Internal Examiner, Konstantinos Barmpas: &#8220;From Thought to Action: Enhancing Motor-Imagery Brain Computer Interfaces Through Deep Learning&#8221;, Imperial College London, London, UK, 2024.<\/li>\n<li>Doctoral Thesis Internal Examiner, Liu Li: &#8220;Robust Topology-Preserving Segmentation in Medical Images&#8221;, Imperial College London, London, UK, 2024.<\/li>\n<li>Doctoral Thesis External Examiner, Wen Wu: &#8220;Speech-Based \u00a0Emotion Modelling and Mental Disorder Detection&#8221;, University of Cambridge, Cambridge, UK, 2024.<\/li>\n<li>Doctoral Thesis Internal Examiner, Alexandros Haliassos: &#8220;Learning From Talking Faces: From DeepFake Detection to Speech Recognition&#8221;, Imperial College London, London, UK, 2024.<\/li>\n<li>Doctoral Thesis Examiner (Zweitgutachter), Haluk Hekimoglu: &#8220;Active Learning for Autonomous Driving:&#8221;, Technische Universit\u00e4t M\u00fcnchen, Munich, Germany, 2024.<\/li>\n<li>Doctoral Thesis Examiner (Zweitgutachter), Robert Richer: &#8220;Digital Health Psychology \u2013 Wearable and Mobile Technologies to Advance Biopsychological Stress Research&#8221;, Friedrich-Alexander-Universit\u00e4t, Erlangen-N\u00fcrnberg, Germany, 2024.<\/li>\n<li>Doctoral Thesis Internal Examiner: &#8220;Audio-visual speech generation and representation learning&#8221;, Triantafyllos Kefalas, Imperial College London, London, UK, 2023.<\/li>\n<li>Doctoral Thesis External Examiner: &#8220;Deep Learning Methods for Affect and Schizophrenia Symptom Estimation&#8221;, Nikki Maria Foteinopoulou, Queen Mary University London, London, UK, 2024.<\/li>\n<li>Doctoral Thesis External Examiner, Markus Hofmarcher: &#8220;Sample Efficient Deep Learning Methods for Reinforcement Learning and Bioimaging&#8221;, Johann Kepler University, Linz, Austria, 2023.<\/li>\n<li>Doctoral Thesis Examiner (Zweitgutachter), Sebastian Soller: &#8220;Anomaly Detection and Forecasting Techniques and their Applications Scenarios, Challenges and Limits in Industrial Production Settings&#8221;, University of Passau, Passau, Germany, 2023.<\/li>\n<li>Doctoral Thesis Examiner (Zweitgutachter), Bernhard Bermeitinger: &#8220;Investigating a Second-Order Optimization Strategy for Neural Networks&#8221;, University of Passau, Passau, Germany, 2023.<\/li>\n<li>Doctoral Thesis Rapporteur, Yannis Tevissen: &#8220;Diarisation du locuteur dans le domaine des m\u00e9dias&#8221;, T\u00e9l\u00e9com-SudParis, Paris, France, 2023.<\/li>\n<li>Doctoral Thesis Rapporteur, Juan Fernando Vazquez Rodriguez: &#8220;Transformers Multimodaux pour la Reconnaissance des Emotions&#8221;, Universit\u00e9 Grenoble Alpes, Grenoble, France, 2023.<\/li>\n<li>Doctoral Thesis Examiner, Eric Guizzo: &#8220;Techniques for Enhancing Generalization of Speech Emotion Recognition with Convolutional Neural Networks&#8221;, City University London, London, UK, 2023.<\/li>\n<li>Doctoral Thesis Examiner, Anushree Basu, &#8220;Identification of Stress through Spatio-Temporal Analysis of Facial Thermograms&#8221;, IIT Kharagpur, Kharagpur, India, 2022.<\/li>\n<li>Doctoral Thesis Examiner, Khaled Koutini: &#8220;Inductive Bias in Learning Robust Audio Representations&#8221;, Johannes Kepler University, Linz, Austria, 2022.<\/li>\n<li>Doctoral Thesis Examiner (Zweitgutachter), Hannes Ritschel: &#8220;Real-Time Generation and Adaptation of Social Companion Robot Behaviors&#8221;, University of Augsburg, Augsburg, Germany, 2022.<\/li>\n<li>Doctoral Thesis Examiner, Shivani Yadav: &#8220;Analysis of vocal sounds in asthmatic patients&#8221;, Indian Institute of Science, Bengaluru, India, 2022.<\/li>\n<li>Doctoral Thesis Examiner (Zweitgutachter), Stephan Brehm: &#8220;Image Manipulation and Image Synthesis Applications and Use-Cases using Deep Neural Networks&#8221;, University of Augsburg, Augsburg, Germany, 2022.<\/li>\n<li>Doctoral Thesis Internal Oral Examiner, Philipp Harzig: &#8220;Automatic Generation of Natural Language Descriptions of Visual Data&#8221;, University of Augsburg, Augsburg, Germany, 2022.<\/li>\n<li>Doctoral Thesis Internal Examiner, Philip Nadler: &#8220;Parameter Learning in Time Series: From Static to Dynamic Approaches&#8221;, Imperial College London, London, UK, 2022.<\/li>\n<li>Doctoral Thesis Go\/No-Go External Assessor, Francisca Pessanha, &#8220;Oral History Archives&#8221;, University of Utrecht, The Netherlands, 2021.<\/li>\n<li>Doctoral Thesis Internal Examiner, Markos Georgopoulos: &#8220;Bias in Deep Learning and Applications to Face Analysis&#8221;, Imperial College London, UK, 2021.<\/li>\n<li>Doctoral Thesis Examiner, Thomas Schirgi: &#8220;CaRE &#8211; Multimedia Assistance Systems for Singletons Does IT help?&#8221;, TU Graz, Graz, Austria, 2021.<\/li>\n<li>Doctoral Thesis Examiner (Mitberichter), Michael Neumann: &#8220;Multiclass Speech Emotion Recognition with Neural Networks: Investigations on Aspects of Input Data, Multilingual Modeling, and Data Scarcity&#8221;, University of Stuttgart, Stuttgart, Germany, 2021.<\/li>\n<li>Doctoral Thesis Examiner (Zweitgutachter), Andreas Seiderer: &#8220;Nutzung von IoT-Technologien und Mobile Computing zur Verbesserung des menschlichen Wohlbefindens&#8221;, University of Augsburg, Augsburg, Germany, 2021.<\/li>\n<li>Doctoral Thesis Internal Examiner, Haoyang Wang: &#8220;Deep Deformable Models for 3D Human Body&#8221;, Imperial College London, London, UK, 2021.<\/li>\n<li>Doctoral Thesis Internal Examiner, Yiming Lin: &#8220;Deep Face Tracking and Parsing in the Wild&#8221;, Imperial College London, London, UK, 2021.<\/li>\n<li>Doctoral Thesis Examiner, Asif Jalal: &#8220;Learning Attention Mechanisms and Context: An Investigation into Vision and Emotion&#8221;, University of Sheffield, Sheffield, UK, 2021.<\/li>\n<li>Doctoral Thesis Examiner (Zweitgutachter), Christoph Janott: &#8220;Machine Learning Strategies for the Acoustic Interpretation of Snoring Noise&#8221;, Technische Universit\u00e4t M\u00fcnchen, Munich, Germany, 2021.<\/li>\n<li>Doctoral Thesis Examinateur, L\u00e9o H\u00e9mamou: &#8220;Analyse Automatique des Comportements Multimodaux lors d\u2019Entretiens Vid\u00e9o Diff\u00e9r\u00e9s pour le Recrutement&#8221;, Universite\u0301 Paris-Saclay, Paris, France, 2021.<\/li>\n<li>Doctoral Thesis Rapporteur, Catherine Taleb: &#8220;Parkinson&#8217;s disease Detection by Multimodal Analysis Combining Handwriting and Speech Signals&#8221;, Institut Polytechnique de Paris, Paris, France, 2020.<\/li>\n<li>Doctoral Thesis Examiner (Zweitgutachter), Simon Flutura: &#8220;Mobile Social Signal Interpretation in the Wild for Wellbeing&#8221;, University of Augsburg, Augsburg, Germany, 2020.<\/li>\n<li>Doctoral Thesis Internal Early Stage Reviewer, Abhinav Shukla: &#8220;Audiovisual Recognition of Emotional Speech by Unsupervised Multimodal Representation Learning&#8221;, Imperial College London, London, UK, 2020.<\/li>\n<li>Doctoral Thesis Internal Examiner, Kritaphat Songsri-in: &#8220;Deep Learning for Facial Analysis&#8221;, Imperial College London, London, UK, 2020.<\/li>\n<li>Doctoral Thesis Internal Examiner, Jie Pu: &#8220;Machine Learning Methods for Audio-Visual Event Analysis&#8221;, Imperial College London, London, UK, 2020.<\/li>\n<li>Doctoral Thesis Examiner (Zweitgutachter), Mareike Buhl: &#8220;Towards machine learning in audiology: Introducing Common Audiological Functional Parameters (CAFPAs) to support audiological diagnostics&#8221;, Carl von Ossietzky Universit\u00e4t Oldenburg, Germany, 2020.<\/li>\n<li>Doctoral Theses Examiner, Xinyuan Qian: &#8220;Multi-target Localization and Tracking using Audio-visual Signals&#8221;, Queen Mary University of London, London, UK, 2020.<\/li>\n<li>Doctoral Thesis Internal Examiner, Mengjiao Wang: &#8220;Multilinear Methods for Disentangling Variations&#8221;, Imperial College London, London, UK, 2019.<\/li>\n<li>Doctoral Thesis Rapporteur, Laetitia Jeancolas: &#8220;Early detection of Parkinson disease with voice recordings&#8221;, CNRS SAMOVAR, Institut Polytechnique de Paris, Paris, France, 2019.<\/li>\n<li>Doctoral Thesis Examiner (Zweitgutachter), Christoph Janott: &#8220;Machine Learning in Snoring Classification&#8221;, Technische Universit\u00e4t M\u00fcnchen, Munich, Germany, 2019.<\/li>\n<li>PhD Examiner, Surjya Ghosh: &#8220;Developing Smartphone Keyboard Interaction based Emotion Detection System&#8221;, Indian Institute of Technology Kharagpur, Kharagpur, India, 2019.<\/li>\n<li>Doctoral Thesis Rapporteur, Caroline Etienne: &#8220;Apprentissage profond appliqu\u00e9 \u00e0 la reconnaissance des \u00e9motions dans la voix&#8221;, Universit\u00e9 Paris 11, Paris, France, 2019.<\/li>\n<li>PhD Thesis Referee, Anirban Dasgupta: &#8220;Systems and Methods for the Assessment of Cognitive Loading using Oculography&#8221;,\u00a0IIT Kharagpur, India, 2019.<\/li>\n<li>Doctoral Thesis Examiner, Veronica Morfi: &#8220;Automatic detection and classification of bird sounds in low-resource wildlife audio data&#8221;, Queen Mary University of London, London, UK, 2019.<\/li>\n<li>Doctoral Thesis Examiner (Zweitgutachter), Christian Eggert: &#8220;Reliable Company Logo Detection with Deep Convolutional Neural Networks&#8221;, University of Augsburg, Augsburg, Germany, 2018.<\/li>\n<li>Doctoral Thesis Rapporteur,\u00a0M\u00e9lanie Ducoffe: &#8220;Active Learning and Input Space Analysis for Deep Networks&#8221;, Universit\u00e9 C\u00f4te d&#8217;Azur, Nice, France, 2018.<\/li>\n<li>Doctoral Thesis Reviewer, Filomena Scibelli: &#8220;Detection of verbal and non-verbal speech features as markers of depression: results of manual analysis and automatic classification&#8221;, University of Naples Federico II, Naples, Italy, 2018.<\/li>\n<li>Doctoral Thesis Member of Jury,\u00a0Meshia Cedric Oveneke: &#8220;Computer Vision and Machine Learning approaches for \u00a0Emotion Recognition from Facial Expressions&#8221;, Vrije Universiteit Brussel, Brussels, Belgium, 2018.<\/li>\n<li>Doctoral Thesis Examiner (Zweitgutachter), Tobias Baur: &#8220;Cooperative and Transparent Machine Learning for the Context-Sensitive Analysis of Social Interactions&#8221;, University of Augsburg, Augsburg, Germany, 2018.<\/li>\n<li>Doctoral Thesis Rapporteur, Caroline Langlet: &#8220;Analyse des Sentiments dans les Conversations Humain-Agent : Vers un Mod\u00e8le des Go\u00fbts de l\u2019Utilisateur&#8221;, LTCI-CNRS,\u00a0Telecom-ParisTech, Paris, France, 2018.<\/li>\n<li>PhD Jury Member, Jaebok Kim:&#8221;Automatic recognition of engagement and emotion of children in group-play&#8221;, University of Twente, Enschede, The Netherlands, 2018.<\/li>\n<li>Doctoral Thesis Internal Examiner, Mohammed Hajaj: &#8220;Investigating the Behavior of Deep Convolution Networks in Image&#8221;, Imperial College London, London, UK, 2018.<\/li>\n<li>PhD Early Stage Assessor, Nicholas Thapen: &#8220;Separating Style and Content in Natural Language&#8221;, Imperial College London, London, UK, 2018.<\/li>\n<li>PhD Thesis Examiner, Suman Deb: &#8220;Stressed Speech Analysis for Assessment of Emotion and Physical Health&#8221;, IIT Guwahati, India, 2018.<\/li>\n<li>PhD Thesis Review Committee Member,\u00a0Juliane Schmidt: &#8220;Listening for the WHAT and the HOW: Older adults\u2019 processing of semantic and affective information in speech&#8221;, Radboud University, Nijmegen, the Netherlands, 2018.<\/li>\n<li>Doctoral Thesis Examiner (Zweitgutachter), Florian Lingenfelser: &#8220;Event-driven Fusion for Multimodal Affect Recognition&#8221;, University of Augsburg, Augsburg, Germany, 2018.<\/li>\n<li>Doctoral Thesis Examiner, Arie Nugraha: &#8220;R\u00e9seaux de neurones profonds pour la s\u00e9paration des sources et la reconnaissance robuste de la parole (Deep neural networks for source separation and noise-robust speech recognition)&#8221;, University of Lorraine \/ INRIA Nancy &#8211; Grand Est, Nancy, France, 2017.<\/li>\n<li>Doctoral Thesis Examiner,\u00a0Vladimir Gligorijevic: &#8220;Methods for Analysis and Integration of Heterogeneous Network Data&#8221;, Imperial College London, London, UK, 2017.<\/li>\n<li>Doctoral Thesis Examiner, Braja Gopal Patra: &#8220;Music Mood Classification: A Multimodal Computational Approach&#8221;, Jadavpur University, Kolkata, India, 2017.<\/li>\n<li>Doctoral Thesis Mid-term Examiner, Arie Nugraha: &#8220;Audio source separation by combining multichannel models and\u00a0deep neural networks&#8221;,\u00a0University of Lorraine, Nancy, France, 2016.<\/li>\n<li>Doctoral Thesis Examiner, Siddarth Sigtia: &#8220;Neural Networks for Analysing Music and Environmental Audio&#8221;, Queen Mary University of London, London, UK, 2016.<\/li>\n<li>Doctoral Thesis Examiner,\u00a0Ashley Daniel Gritzman: &#8220;Adaptive Threshold\u00a0Optimisation for Colour-based\u00a0Lip Segmentation in Automatic\u00a0Lip-Reading Systems&#8221;,\u00a0University of the Witwatersrand, Johannesburg, South Africa, 2016.<\/li>\n<li>Doctoral Thesis Examiner (Zweitgutachter), Florian H\u00f6nig: &#8220;Automatic Assessment of Prosody in Second Language Learning&#8221;, Friedrich-Alexander-Universit\u00e4t, Erlangen-N\u00fcrnberg, Germany, 2016.<\/li>\n<li>Doctoral Thesis Co-Examiner, Victor Tomashevich: &#8220;Fault Tolerance Aspects of Virtual Massive MIMO Systems&#8221;, University of Passau, Passau, Germany, 2016.<\/li>\n<li>Doctoral Thesis Examinateur, J\u00e9r\u00e9mie Nicolle: &#8220;Reading Faces using Hard Multi-Task Metric Learning for Kernel Regression&#8221;, Universit\u00e9 Pierre et Marie Curie, Paris, France, 2016.<\/li>\n<li>Doctoral Thesis Examiner, Lazaros Zafeiriou: &#8220;Unsupervised Analysis of Behaviour<br \/>\nDynamics&#8221;, Imperial College London, London, UK, 2016.<\/li>\n<li>Doctoral Thesis Examiner (Zweitgutachter), Johannes Wagner: &#8220;Social Signal Interpretation: Building Online Systems for Multi-modal Behaviour Analysis&#8221;, Augsburg University, Augsburg, Germany, 2015.<\/li>\n<li>Doctoral Thesis Rapporteur, Fan Yang: &#8220;D\u00e9tection de marqueurs affectifs et attentionnels de personnes \u00e2g\u00e9es en interaction avec un robot&#8221;, Universit\u00e9 Paris-Saclay, Paris, France, 2015.<\/li>\n<li>Doctoral Thesis Rapporteur, Baveye Yoann: &#8220;Automatic Prediction of Emotions Induced by Movies&#8221;, Ecole Centrale de Lyon\/Technicolor, Lyon, France, 2015.<\/li>\n<li>Doctoral Thesis Internal Examiner, Michael (Mihalis) A. Nicolaou: &#8220;Machine Learning for Automatic Analysis of Affective Behaviour&#8221;, Imperial College London, London, UK, 2014.<\/li>\n<li>Opponent PhD dissertation, Pasi Saari: &#8220;Content and Context-based Approaches to Prediction of Mood in Music&#8221;, University of Jyv\u00e4skyl\u00e4, Jyv\u00e4skyl\u00e4, Finland, 2014.<\/li>\n<li>Doctoral Thesis Pre-Reviewer, Jouni Pohjalainen: &#8220;Robust Feature Extraction of Speech&#8221;, Aalto University, Aalto, Finland, 2014.<\/li>\n<li>Doctoral Thesis Internal Examiner, Jie Shen: &#8220;Synchronisation and integration of modules for audiovisual behaviour understanding&#8221;, Imperial College London, London, UK, 2014.<\/li>\n<li>Doctoral Thesis Transfer Examiner, Christos Georgakis: &#8220;Visual detection of native\/non-native speakers&#8221;, Imperial College London, London, UK, 2014.<\/li>\n<li>Doctoral Thesis Rapporteur, Cl\u00e9ment Chastagnol: &#8220;Reconnaissance automatique des dimensions affectives dans l\u2019interaction orale homme-machine pour des personnes d\u00e9pendantes&#8221;, Universit\u00e9 Paris 11, Paris, France, 2013.<\/li>\n<li>Doctoral Thesis Examinateur, Gelareh Mohamed: &#8220;Automatic Personality Perception: Inferring Personality Traits from Nonverbal Vocal Behavior&#8221;, EPFL, Lausanne, Switzerland, 2013.<\/li>\n<li>Doctoral Thesis Examiner (Zweitgutachter), Christian Plahl: &#8220;Neural Network based Feature Extraction for Speech and Image Recognition&#8221;, RWTH Aachen, Aachen, Germany, 2013.<\/li>\n<li>PhD Thesis Examiner Seliz G\u00fclsen Karadogan: &#8220;Towards Cognizant Hearing Aids: Modeling of Content, Affect and Attention&#8221;, Technical University of Denmark, Lyngby, 2012.<\/li>\n<li>PhD Thesis Rapporteur Christophe Vaudable: &#8220;Analyse et reconnaissance des \u00e9motions lors de conversations de centres d\u2019appels&#8221;, Universit\u00e9 Paris 11, Paris, France, 2012.<\/li>\n<li>PhD Thesis Examinator Tet Fei Yap: &#8220;Speech production under cognitive load: Effects and classification&#8221;, University of New South Wales, Australia, 2011.<\/li>\n<li>PhD Thesis Examinateur Thibaud Senechal: &#8220;Ce que le visage r\u00e9v\u00e8le : Analyse des mouvements faciaux pour l\u2019interpr\u00e9tation \u00e9motionnelle&#8221;, Universit\u00e9 Pierre et Marie Curie \u2013 Paris 6, Paris, France, 2011.<\/li>\n<li>PhD Thesis Examinateur Fabien Ringeval: &#8220;Ancrages et mod\u00e8les dynamiques de la prosodie : application \u00e0 la reconnaissance des \u00e9motions act\u00e9es et spontan\u00e9es&#8221;, Universit\u00e9 Pierre et Marie Curie \u2013 Paris 6, Paris, France, 2011.<\/li>\n<li>PhD Thesis Examinator Gordon James McIntyre: &#8220;The Computer Analysis of Facial Expressions: On the Example of Depression and Anxiety&#8221;, Faculty of Information Sciences &amp; Engineering, University of Canberra, Canberra, Australia, 2010.<\/li>\n<li>PhD Thesis Examinator Julia Sidorova: &#8220;Optimization Techniques for Speech Emotion Recognition&#8221;, Department of Translation and Language Sciences, Universitat Pompeu Fabra, Barcelona, Spain, 2009.<\/li>\n<\/ol>\n<h4>Master&#8217;s and Bachelor&#8217;s Theses 2nd Marker<\/h4>\n<ol>\n<li>Ben Thompson (2nd Marker, Undergraduate Individual Project, Imperial College London, 06\/2014): Secure Online Coding Platform<\/li>\n<li>Cl\u00e9ment Jambou (2nd Marker, MSc Individual Project, Imperial College London, 09\/2014): Generating Music with Recurrent Neural Networks and other deep learning techniques<\/li>\n<li>Georgios Papamakarios (2nd Marker, MSc Individual Project, Imperial College London, 09\/2014): Robust Low-Rank Modelling on Matrices and Tensors<\/li>\n<li>Cai Wenyang (2nd Marker, MSc Individual Project, Imperial College London, 09\/2014): Detect eating and talking from webcam videos<\/li>\n<li>Liu Zhuolin (2nd Marker, MSc Individual Project, Imperial College London, 09\/2014): Face Liveness Recognition<\/li>\n<li>Vincent Zhang (2nd Marker, Individual Project MSc, Imperial College London, 05\/2015): Deep Learning for Facial Expression Analysis<\/li>\n<li>Lingyu Lu (2nd Marker, Individual Project MSc, Imperial College London, 05\/2015): Application on unstructured big data platform<\/li>\n<li>Ian Billett (2nd Marker, Individual Project MSc, Imperial College London, 05\/2015): Exploring the Networks of Academic Literature<\/li>\n<li>Dimitrios Kollias (2nd Marker, Individual Project MSc, Imperial College London, 09\/2016):\u00a0An End-to-End Deep Neural Architecture for Dimensional Emotion Recognition<\/li>\n<li>Ye Zhou\u00a0(2nd Marker, Individual Project MSc, Imperial College London, 09\/2016):\u00a0Data Mining for Chinese Left-behind Children Problem<\/li>\n<li>Michael Arcangeles (2nd Marker, Individual Project MSc, Imperial College London, 09\/2016):\u00a0Automated Lip-reading in the Wild<\/li>\n<li>Zukang Liao (2nd Marker, Individual Project MSc, Imperial College London, 09\/2016):\u00a0Deep Neural Networks for Age and Gender Classification<\/li>\n<li>Jie Pu\u00a0(2nd Marker, Individual Project MSc, Imperial College London, 09\/2016):\u00a0Audio-associated visual object detection and segmentation using low rank and sparsity.<\/li>\n<li>Feipeng Cai\u00a0(2nd Marker, Individual Project MSc, Imperial College London, 09\/2016):\u00a0Unsupervised Learning of Video Representations Using Recurrent Neural Networks<\/li>\n<li>Rajkumar Conjeevaram Mohan\u00a0(2nd Marker, Individual Project MSc, Imperial College London, 09\/2016):\u00a0Speech Recognition using Deep Learning<\/li>\n<li>Liu, Zichen (2nd marker, Undergraduate Individual Project, Imperial College London, 06\/2017): Machine Learning For Filtering Monte Carlo Noise In Ray Traced Images<\/li>\n<li>G\u00f6kce Iymen (Master&#8217;s Thesis Examiner, Koc University, Istanbul, Turkey, 2022): Intelligible Emotional Voice Conversion with StarGAN assisted by DTW and Speaker Classifier<\/li>\n<\/ol>\n<p><img decoding=\"async\" src=\"http:\/\/schuller.it\/index-Dateien\/C64ready_3.gif\" alt=\"Ready.\" \/><\/p>\n","protected":false},"excerpt":{"rendered":"<p>Habilitation\u00a0Examiner Habilitation Thesis Rapporteur, Nicolas Obin: &#8220;De la repr\u00e9sentation du signal \u00e0 l&#8217;apprentissage de repr\u00e9sentations: Mod\u00e9lisation structur\u00e9e de signaux de parole&#8221;, IRCAM, Paris, France, 2023. Habilitation Thesis Examiner, Patrick Krauss: &#8220;Language Processing in Artificial Neural Networks and the Human Brain&#8221;, FAU, Erlangen-Nuremberg, Germany, 2022. Habilitation Thesis Examiner, J\u00f6rn Anem\u00fcller: &#8220;On\u2026<\/p>\n<p> <a class=\"continue-reading-link\" href=\"http:\/\/www.schuller.it\/bws\/?page_id=129\"><span>Continue reading<\/span><i class=\"crycon-right-dir\"><\/i><\/a> <\/p>\n","protected":false},"author":1,"featured_media":0,"parent":0,"menu_order":0,"comment_status":"closed","ping_status":"closed","template":"","meta":{"footnotes":""},"class_list":["post-129","page","type-page","status-publish","hentry"],"_links":{"self":[{"href":"http:\/\/www.schuller.it\/bws\/index.php?rest_route=\/wp\/v2\/pages\/129","targetHints":{"allow":["GET"]}}],"collection":[{"href":"http:\/\/www.schuller.it\/bws\/index.php?rest_route=\/wp\/v2\/pages"}],"about":[{"href":"http:\/\/www.schuller.it\/bws\/index.php?rest_route=\/wp\/v2\/types\/page"}],"author":[{"embeddable":true,"href":"http:\/\/www.schuller.it\/bws\/index.php?rest_route=\/wp\/v2\/users\/1"}],"replies":[{"embeddable":true,"href":"http:\/\/www.schuller.it\/bws\/index.php?rest_route=%2Fwp%2Fv2%2Fcomments&post=129"}],"version-history":[{"count":182,"href":"http:\/\/www.schuller.it\/bws\/index.php?rest_route=\/wp\/v2\/pages\/129\/revisions"}],"predecessor-version":[{"id":8307,"href":"http:\/\/www.schuller.it\/bws\/index.php?rest_route=\/wp\/v2\/pages\/129\/revisions\/8307"}],"wp:attachment":[{"href":"http:\/\/www.schuller.it\/bws\/index.php?rest_route=%2Fwp%2Fv2%2Fmedia&parent=129"}],"curies":[{"name":"wp","href":"https:\/\/api.w.org\/{rel}","templated":true}]}}