{"id":154,"date":"2015-12-07T01:08:11","date_gmt":"2015-12-07T01:08:11","guid":{"rendered":"http:\/\/www.schuller.it\/bws\/?page_id=154"},"modified":"2015-12-07T09:31:19","modified_gmt":"2015-12-07T09:31:19","slug":"supervised-group-projects","status":"publish","type":"page","link":"http:\/\/www.schuller.it\/bws\/?page_id=154","title":{"rendered":"Supervised Group Projects"},"content":{"rendered":"<ol>\n<li>Stefan Kugele, Andreas Scholz, Stephan Thoma (Interdisziplin\u00e4res Projekt, TUM, 06\/2004): Integrative Dialogf\u00fchrung in einer hybriden Systemarchitektur<\/li>\n<li>Damir Ismailovic, Kevin Tunstall, Maximilian W\u00f6hrl (Interdisziplin\u00e4res Projekt, TUM, 06\/2006): Integration eines multimodalen biometrischen Erekennungssystems in eine bestehende Zugangskontrolle<\/li>\n<li>Christian Kern, Lorenz M\u00f6senlechner (Interdisziplin\u00e4res Projekt, TUM, 09\/2007): Audiovisuelle Emotionserkennung<\/li>\n<li>Tayfur Coskun (Interdisziplin\u00e4res Projekt, TUM, 02\/2008): Linguistische Merkmale in der Emotionserkennung<\/li>\n<li>Alexander Lehmann, Felix Weninger (Interdisziplin\u00e4res Projekt, TUM, 11\/2008): Instrument Separation by NMF and ICAFup<\/li>\n<li>Marcel Knapp (Interdisziplin\u00e4res Projekt, TUM): Automatic Chord Labeling in Original Audio Recordings<\/li>\n<li>Irman Abdic (Interdisziplin\u00e4res Projekt, TUM): Automatische Erkennung von Vogelgesang &#8211; Neue Methoden und akustische Merkmale<\/li>\n<li>Clotilde Guinard (Interdisziplin\u00e4res Projekt, TUM): Real-time Speech Analysis and Recognition for Computational Paralinguistics<\/li>\n<li>Lucas Azaiis, Adrien Payan, Tianjiao Sun, Guillaume Vidal, Tina Zhang (MSc Group Project, Imperial College London, 2015): The Speech Assessor<\/li>\n<li>Graham Walker, Braxton Collier, Andrew Machen, Sam Windels and Marco Wisse (MSc Group Project, Imperial College London, 2015): Matrix Factorisation Enhanced Feature Extraction for Real-World Computer Audition<\/li>\n<li>Tom Bartissol, Sacha Cohen-Scali, Hyun Lee, Nathan Patel, Dane Sherburn, Roxana Ursu (MSc Group Project, Imperial College London, 2015): Automatic detection of social anxiety symptoms from speech and facial expressions<\/li>\n<li>Mate Hegedus, Jiaqi Chen, Miklos Kepes, Long Le Bao, Daniel Lucsanszky, Charles Roelli (MSc Group Project, Imperial College London, 2015): CURRENNT: an open-source Machine Learning library for Deep Learning<\/li>\n<li>Samuel Coope, Michael Cypher, Timotej Kapus, Miguel Marques, Cale Tilford, Mark Valdez (MSc Group Project, Imperial College London, 2015): Automatic estimation of heart rate from video and audio signals<\/li>\n<li>Utsav Tiwary, Vishaal Anandaraman, Omotola Babasola, Jiacheng Chen, Ricardo Hamilton-Davis, Aneeque Safdar, Sinduran Sivarajan (MSc Group Project, Imperial College London, 2015): Mobile adaptive estimation of heart rate from audio signals<\/li>\n<\/ol>\n<p><img decoding=\"async\" src=\"http:\/\/schuller.it\/index-Dateien\/C64ready_3.gif\" alt=\"Ready.\" \/><\/p>\n","protected":false},"excerpt":{"rendered":"<p>Stefan Kugele, Andreas Scholz, Stephan Thoma (Interdisziplin\u00e4res Projekt, TUM, 06\/2004): Integrative Dialogf\u00fchrung in einer hybriden Systemarchitektur Damir Ismailovic, Kevin Tunstall, Maximilian W\u00f6hrl (Interdisziplin\u00e4res Projekt, TUM, 06\/2006): Integration eines multimodalen biometrischen Erekennungssystems in eine bestehende Zugangskontrolle Christian Kern, Lorenz M\u00f6senlechner (Interdisziplin\u00e4res Projekt, TUM, 09\/2007): Audiovisuelle Emotionserkennung Tayfur Coskun (Interdisziplin\u00e4res Projekt, TUM,\u2026<\/p>\n<p> <a class=\"continue-reading-link\" href=\"http:\/\/www.schuller.it\/bws\/?page_id=154\"><span>Continue reading<\/span><i class=\"crycon-right-dir\"><\/i><\/a> <\/p>\n","protected":false},"author":1,"featured_media":0,"parent":0,"menu_order":0,"comment_status":"closed","ping_status":"closed","template":"","meta":{"footnotes":""},"class_list":["post-154","page","type-page","status-publish","hentry"],"_links":{"self":[{"href":"http:\/\/www.schuller.it\/bws\/index.php?rest_route=\/wp\/v2\/pages\/154","targetHints":{"allow":["GET"]}}],"collection":[{"href":"http:\/\/www.schuller.it\/bws\/index.php?rest_route=\/wp\/v2\/pages"}],"about":[{"href":"http:\/\/www.schuller.it\/bws\/index.php?rest_route=\/wp\/v2\/types\/page"}],"author":[{"embeddable":true,"href":"http:\/\/www.schuller.it\/bws\/index.php?rest_route=\/wp\/v2\/users\/1"}],"replies":[{"embeddable":true,"href":"http:\/\/www.schuller.it\/bws\/index.php?rest_route=%2Fwp%2Fv2%2Fcomments&post=154"}],"version-history":[{"count":2,"href":"http:\/\/www.schuller.it\/bws\/index.php?rest_route=\/wp\/v2\/pages\/154\/revisions"}],"predecessor-version":[{"id":247,"href":"http:\/\/www.schuller.it\/bws\/index.php?rest_route=\/wp\/v2\/pages\/154\/revisions\/247"}],"wp:attachment":[{"href":"http:\/\/www.schuller.it\/bws\/index.php?rest_route=%2Fwp%2Fv2%2Fmedia&parent=154"}],"curies":[{"name":"wp","href":"https:\/\/api.w.org\/{rel}","templated":true}]}}