{"id":253,"date":"2015-12-07T09:35:07","date_gmt":"2015-12-07T09:35:07","guid":{"rendered":"http:\/\/www.schuller.it\/bws\/?page_id=253"},"modified":"2025-06-01T21:53:51","modified_gmt":"2025-06-01T21:53:51","slug":"past-courses","status":"publish","type":"page","link":"http:\/\/www.schuller.it\/bws\/?page_id=253","title":{"rendered":"Past Courses"},"content":{"rendered":"<p>WiT: Winter Term, SpT: Spring Term, SuT: Summer Term<br \/>\nWS: Winter Semester, SS: Summer Semester<\/p>\n<h4>Lectures<\/h4>\n<ol>\n<li><strong>Digital Health<\/strong><br \/>\n(5 ECTS, SS 2021 &#8211; SS 2023) held at the University of Augsburg in Augsburg\/Germany<\/li>\n<li><strong>Deep Learning for Pattern Recognition<\/strong><br \/>\n(14 hours: 26.05.-09.07.2023, 31.03.-19.05.2023) held online for Chinese students within the Neoscholar Education Group CIS International Elite Mentorship Program (IEMP)<\/li>\n<li><strong>Deep Learning for Pattern Recognition<\/strong><br \/>\n(10 hours: 13.01.-17.02.2023, 16.09.-14.10.2022, 15.07.-12.08.2022, 13.05.-10.06.2022, 28.01.-25.02.2022, 10.09.-08.10.2021, 21.05.-18.06.2021) held online for Chinese students within the Neoscholar Education Group CIS International Elite Mentorship Program (IEMP)<\/li>\n<li><strong>Artificial Intelligence<\/strong><br \/>\n(5 ECTS, WS 2020\/21 &#8211; SS 2023) held at the University of Augsburg in Augsburg\/Germany<\/li>\n<li><strong>Deep Learning<\/strong><br \/>\n(5 ECTS, SS 2019 &#8211; SS 2023) held at the University of Augsburg in Augsburg\/Germany<\/li>\n<li><strong>Speech Pathology<\/strong><br \/>\n(5 ECTS, WS 2018\/19 &#8211; SS 2023) held at the University of Augsburg in Augsburg\/Germany<\/li>\n<li><strong>Intelligente Signalanalyse in der Medizin \/ Intelligent Signal Analysis in Medicine<br \/>\n<\/strong>(5 ECTS, WS 2017\/18 &#8211; SS 2023) held at the University of Augsburg in Augsburg\/Germany<\/li>\n<li><strong>Artificial Intelligence Advanced Research<\/strong><br \/>\n(20 hours, 31.07.-09.08.2023) held in Nanjing, China within the Neoscholar Education Group 2023 Neoscholar Summer Program Advanced Research Guidance Course<\/li>\n<li><strong>Artificial Intelligence Foundations<\/strong><br \/>\n(20 hours, 31.07.-09.08.2023) held in Nanjing, China within the Neoscholar Education Group 2023 Neoscholar Summer Program Foundations Course<\/li>\n<li><strong>Introduction to Core Technologies of AI<\/strong><br \/>\n(12 hours within 19.04.-14.06.2023), held online for students of Hubei University of Technology, China, within the Neoscholar Education Group Program<\/li>\n<li><strong>Machine Learning &amp; Data Science<\/strong><br \/>\n(24 hours within 16.07.-07.10.2022), held online for Chinese students within the Neoscholar Education Group CIS Online Research Program<\/li>\n<li><strong>Deep Learning for Pattern Recognition<\/strong><br \/>\n(24 hours, 22.01.-28.02.2021) held online for Chinese students within the Neoscholar Education Group University Online Program<\/li>\n<li><strong>Deep Learning<\/strong><br \/>\n(18 lectures, SpT 2019, SpT 2020) held at Imperial College London in London\/UK with Prof. Michael Bronstein and Dr Stefanos Zafeiriou<\/li>\n<li><strong>Machine Learning and Data Science (MLDS)<br \/>\n<\/strong>(33 hours, 19.01.-14.02.2020) held with the Workshop Programme of Cantab Academy, London\/UK with Dr Ognjen Rudovic<\/li>\n<li><strong>Speech &amp; Audio Analysis for Health<\/strong><br \/>\n(8 hours, WiT 2019) held at University of Oulu in Oulu\/Finland<\/li>\n<li><strong><a href=\"http:\/\/www.doc.ic.ac.uk\/~dfg\/hardware\/hardware.html\">Computer Hardware<\/a><\/strong><br \/>\n(18 lectures, WiT 2013 &#8211; WiT 2018) held at Imperial College London\/UK with Prof. Duncan Fyfe Gillies (until 2018) and Dr Bernhard Kainz (since 2018)<\/li>\n<li><strong>Music Informatics<br \/>\n<\/strong>(5 ECTS, SS 2018) held at the University of Augsburg in Augsburg\/Germany with Dr Emilia Parada-Cabaleiro<\/li>\n<li><strong>Lecture Series AI &amp; Deep Learning for Wellbeing<\/strong><br \/>\n(Overview of Artificial Intelligence and Deep Learning &#8211; Deep Learning and Human Wellbeing\u00a0&#8211; Platforms and Techniques for Deep Learning)<br \/>\n(9 hours, 08.-09.07.2019) held within the Summer School for Zhejiang University Students, Wedge Education, London\/UK<\/li>\n<li><strong>Lecture Series AI &amp; Deep Learning in Health &amp; Beyond<\/strong><br \/>\n(Overview of AI and application areas, Deep learning for health and wellbeing, Deep learning techniques)<br \/>\n(9 hours, 08.-10.08.2018)\u00a0held within the Summer School for Zhejiang University Students,\u00a0Wedge Education, London\/UK<\/li>\n<li><strong>Intelligent\u00a0Biosignal Sensing \u00a0<\/strong><br \/>\n(05.04.2017) graduate-level block lecture held at\u00a0Southeast University in Nanjing\/P.R. China<\/li>\n<li><strong>Lecture Series on Complex Intelligent Interactive &amp; Affective Computing<\/strong><br \/>\n(Human-Computer\/Robot-Interaction, Intelligent Audio Analysis, Complex Systems, Affective Computing, Machine Learning)<br \/>\n(20 hours, 24.-28.10.2016, studies: Fundamental Sciences, Electronics, Mechanics, Civil Engineering) held at the\u00a0Vilnius Gediminas Technical University in Vilnius\/Lithuania<\/li>\n<li><strong>Introduction to Automatic Speech Recognition<\/strong><br \/>\n(5 ECTS, WS 2016\/17) held at the University of Passau in Passau\/Germany with Dr. Amr Mousa<\/li>\n<li><strong>Intelligent Audio Analysis<\/strong><br \/>\n(5 ECTS, SS 2015 &#8211; SS 2017) held at the University of Passau in Passau\/Germany<\/li>\n<li><strong>Complex Systems Engineering<\/strong><br \/>\n(7 ECTS, WS 2014\/15 &#8211; WS 2016\/17) held at the University of Passau in Passau\/Germany<\/li>\n<li><strong>Computing Topics<\/strong><br \/>\n(8 sessions, SpT 2015) held at Imperial College London\/UK with others<\/li>\n<li><strong>PMT Logic, Reasoning about Programs, and Discrete Mathematics<\/strong><br \/>\n(10 sessions, SpT 2014, SpT 2015) held at Imperial College London\/UK<\/li>\n<li><strong>Academic Writing for Computer Science<\/strong><br \/>\n(8 sessions, SpT 2014) held at Imperial College London\/UK with others<br \/>\nSupervised students:<br \/>\nAkara Supratak (SpT 14): Transfer Learning<\/li>\n<li><strong>Statistical Communication Techniques: Filtering &#8211; Estimation &#8211; Decision<br \/>\n(Statistische Informationstechnik: Filtern &#8211; Sch\u00e4tzen &#8211; Entscheiden)<\/strong><br \/>\n(28 hours, 18.-20.06.2013, 19.-21.06.2012) held at the Carl-Cranz-Gesellschaft in Oberpfaffenhofen\/Germany with Prof. Kristian Kroschel and Prof. Gerhard Rigoll<\/li>\n<li><strong>Machine Speech Signal Processing<br \/>\n(Maschinelle Sprachsignalverarbeitung)<\/strong><br \/>\n(6 ECTS, SS 2014) held at TUM in Munich\/Germany<\/li>\n<li><strong>Computer Architecture<br \/>\n(Rechnerarchitektur)<\/strong><br \/>\n(5 ECTS, SS 2013) held at the University of Passau in Passau\/Germany<\/li>\n<li><strong>Fundamentals of Information Technology<br \/>\n(Grundlagen der Informationstechnik)<\/strong><br \/>\n(7 ECTS, SS 2013) held at the University of Passau in Passau\/Germany<\/li>\n<li><strong>Automatic Pattern Recognition in Speech Processing<br \/>\n(Mustererkennung in der Sprachverarbeitung)<\/strong><br \/>\n(3 ECTS, SS 2009 &#8211; SS 2011) held at TUM in Munich\/Germany<\/li>\n<li><strong>Digital Processing of Speech Signals<br \/>\n(Digitale Verarbeitung von Sprachsignalen)<\/strong><br \/>\n(3 ECTS, SS 2009 &#8211; SS 2011) held at TUM in Munich\/Germany<\/li>\n<li><strong>Intelligent Audio Analysis<\/strong><br \/>\n(20 hours, 11.-15.04.2011) held at the Universit\u00e0 Politecnica delle Marche in Ancona\/Italy (ERASMUS lecturer mobility programme)<\/li>\n<li><strong>Pattern Recognition<\/strong><br \/>\n(4.5 ECTS, SS 2008)<\/li>\n<li><strong>Electrical Engineering (Elektrotechnik) at the Munich University of Applied Sciences (Hochschule M\u00fcnchen) in Munich\/Germany, Faculty 05<\/strong><br \/>\n(7.5 ECTS, SS 2008)<\/li>\n<li><strong>Participant Two-year Program PROLEHRE Intensiv<\/strong><br \/>\n(WS 2006\/07 &#8211; SS 2009)<\/li>\n<li><strong>Assistance (WS 2005\/06 &#8211; WS 2008\/09) Lecture Automatic Pattern Recognition in Speech Processing (Mustererkennung in der Sprachverarbeitung)<\/strong><\/li>\n<li><strong>Assistance (WS 2005\/06 &#8211; WS 2008\/09) Lecture Data Analysis and Information Reduction (Datenanalyse und Informationsreduktion)<\/strong><\/li>\n<li><strong>Assistance (WS 2005\/06 &#8211; WS 2008\/09) Lecture Digital Processing of Speech Signals (Digitale Verabeitung von Sprachsignalen)<\/strong><\/li>\n<li><strong>Direction (WS 99\/00 &#8211; SS 07) Main Tutorial Signal Representation (Zentral\u00fcbung <a href=\"http:\/\/www.mmk.ei.tum.de\/lehre\/sd.html\" target=\"_top\" rel=\"noopener noreferrer\">Signaldarstellung<\/a>)<\/strong><\/li>\n<li><strong>Direction (WS 99\/00 &#8211; SS 07) Tutorial Signal Representation (Tutor\u00fcbung <a href=\"http:\/\/www.mmk.ei.tum.de\/lehre\/sd.html\" target=\"_top\" rel=\"noopener noreferrer\">Signaldarstellung<\/a>)<\/strong><\/li>\n<li><strong>Introduction and Direction (WS 99\/00 &#8211; SS 07) English Tutorial Signal Representation<\/strong><\/li>\n<\/ol>\n<h4>Lab Courses<\/h4>\n<ol>\n<li><strong>Praktikum Natural Language Processing (NLP)<\/strong><br \/>\n(5 ECTS, SS 2023) held at the University of Augsburg in Augsburg\/Germany<\/li>\n<li><strong>Praktikum Digital Health<\/strong><br \/>\n(5 ECTS, WS 2021\/22 &#8211; SS 2023) held at the University of Augsburg in Augsburg\/Germany<\/li>\n<li><strong>Praktikum Speech Pathology<\/strong><br \/>\n(5 ECTS, WS 2019\/20 &#8211; SS 2023) held at the University of Augsburg in Augsburg\/Germany<\/li>\n<li><strong>Praktikum Deep Learning<\/strong><br \/>\n(5 ECTS, WS 2017\/18 &#8211; SS 2023) held at the University of Augsburg in Augsburg\/Germany<\/li>\n<li><strong>Praktikum Mobile Application Development<\/strong><br \/>\n(5 ECTS, SS 2018) held at the University of Augsburg in Augsburg\/Germany<\/li>\n<li><strong>Praktikum Computational Intelligence<\/strong><br \/>\n(5 ECTS, WS 2017\/18) held at the University of Augsburg in Augsburg\/Germany<\/li>\n<li><strong>Praktikum Mobile Sensing for Fitness and Wellbeing<\/strong><br \/>\n(5 ECTS, WS 2017\/18, WS 2018\/19) held at the University of Augsburg in Augsburg\/Germany<\/li>\n<li><strong>Lab Course Intelligent Systems<\/strong><br \/>\n(5 ECTS, SS 2015 &#8211; SS 2017) held at the University of Passau in Passau\/Germany<\/li>\n<li><strong>Lab Course Mobile Embedded Systems<\/strong><br \/>\n(WS 2015\/16 &#8211; SS 2017) held at the University of Passau in Passau\/Germany<\/li>\n<li><strong>Lab Course Programming in Java<\/strong><br \/>\n(\u00dcbung Programmierung in Java)<br \/>\n(5 ECTS, WS 2014\/15 &#8211; SS 2017) held at the University of Passau in Passau\/Germany<\/li>\n<li><strong>Direction (WS 99\/00 &#8211; SS 02) Laboratory Course on System and Circuit Design 1<br \/>\n(<a href=\"http:\/\/www.mmk.e-technik.tu-muenchen.de\/lehre\/index#pss\"> Praktikum System- und Schaltungstechnik 1<\/a>)<\/strong><br \/>\nV2: Signalerfassung und -analyse<\/li>\n<li><strong>Direction (WS 99\/00 &#8211; SS 02) Laboratory Course on System and Circuit Design 2<br \/>\n(<a href=\"http:\/\/www.mmk.e-technik.tu-muenchen.de\/lehre\/index#pss\">Praktikum System- und Schaltungstechnik 2<\/a>)<\/strong><br \/>\nV9: Entwurf und Realisierung analoger und digitaler Filter<\/li>\n<li><strong>Experiment Direction Laboratory Practical Aspects of Human-Machine Communication (<a href=\"http:\/\/www.mmk.e-technik.tu-muenchen.de\/courses\/ppmmk\"> Praktikum Praxis der Mensch-Maschine-Kommunikation<\/a>)<\/strong><br \/>\nAdaption von emotionaler Sprache (SS 05)<br \/>\nAutomatische Multimodale Emotionserkennung (SS 04)<br \/>\nEmotionale Mensch-Maschine-Interaktion (SS 02)<br \/>\nDesign eines nat\u00fcrlichsprachlichen MMIs (SS 01, WS 01\/02)<br \/>\nExperimente mit einem Spracherkennungssystem (WS 00\/01)<\/li>\n<\/ol>\n<h4>Seminars<\/h4>\n<ol>\n<li><strong>Seminar Sports Informatics (Bachelor)<br \/>\n<\/strong>(4 ECTS, SS 2018 &#8211; WS 2019\/20) held at the University of Augsburg in Augsburg\/Germany<\/li>\n<li><strong>Seminar Sports Informatics (Master)<br \/>\n<\/strong>(4 ECTS, SS 2018 &#8211; WS 2019\/20) held at the University of Augsburg in Augsburg\/Germany<\/li>\n<li><strong>Seminar Computer Audition (Bachelor)<br \/>\n<\/strong>(4 ECTS, SS 2018 &#8211; WS 2019\/20) held at the University of Augsburg in Augsburg\/Germany<\/li>\n<li><strong>Seminar Computer Audition (Master)<br \/>\n<\/strong>(4 ECTS, SS 2018 &#8211; WS 2019\/20) held at the University of Augsburg in Augsburg\/Germany<\/li>\n<li><strong>Seminar Embedded Intelligence for Health Care and Wellbeing (Bachelor)<\/strong><br \/>\n(4 ECTS, WS 2017\/18 &#8211; WS 2019\/20) held at the University of Augsburg in Augsburg\/Germany<\/li>\n<li><strong>Seminar Embedded Intelligence for Health Care and Wellbeing (Master)<\/strong><br \/>\n(4 ECTS, WS 2017\/18 &#8211; WS 2019\/20) held at the University of Augsburg in Augsburg\/Germany<\/li>\n<li><strong>Oberseminar Embedded Intelligence for Health Care and Wellbeing<\/strong><br \/>\n(since WS 2017\/18) held at the University of Augsburg in Augsburg\/Germany<\/li>\n<li><strong>Seminar Digital Health (Master)<br \/>\n<\/strong>(4 ECTS, SS 2020 &#8211; SS 2023) held at the University of Augsburg in Augsburg\/Germany<\/li>\n<li><strong>Seminar Digital Health (Bachelor)<br \/>\n<\/strong>(4 ECTS, SS 2020 &#8211; SS 2023) held at the University of Augsburg in Augsburg\/Germany<\/li>\n<li><strong>Seminar Computational Intelligence (Master)<\/strong><br \/>\n(4 ECTS, SS 2020 &#8211; SS 2023) held at the University of Augsburg in Augsburg\/Germany<\/li>\n<li><strong>Seminar Computational Intelligence (Bachelor)<\/strong><br \/>\n(4 ECTS, SS 2020 &#8211; SS 2023) held at the University of Augsburg in Augsburg\/Germany<\/li>\n<li><strong>Blockseminar Affective and Behavioral Computing<\/strong><br \/>\n(3 ECTS, WS\u00a02016\/17 &#8211; SS 2017) held at the University of Passau in Passau\/Germany<\/li>\n<li><strong>Blockseminar Intelligent Systems<\/strong><br \/>\n(3 ECTS, SS 2015 &#8211; SS 2017) held at the University of Passau in Passau\/Germany<\/li>\n<li><strong>Master Seminar on Complex and Intelligent Systems<br \/>\n(Seminar Komplexe und Intelligente Systeme)<\/strong><br \/>\n(4 ECTS, SS 2015 &#8211; SS 2017) held at the University of Passau in Passau\/Germany<\/li>\n<li><strong>Bachelor Seminar on Complex and Intelligent Systems<br \/>\n(Seminar Komplexe und Intelligente Systeme)<\/strong><br \/>\n(4 ECTS, SS 2015 &#8211; SS 2017) held at the University of Passau in Passau\/Germany<\/li>\n<li><strong>Seminar on Complex and Intelligent Systems<br \/>\n(Oberseminar Komplexe und Intelligente Systeme)<\/strong><br \/>\n(4 ECTS, WS 2015\/16 &#8211; SS 2017) held at the University of Passau in Passau\/Germany<\/li>\n<li><strong>Seminar on Intelligent Mobile Sensing<br \/>\n(Seminar Intelligente Mobile Sensorik)<\/strong><br \/>\n(4 ECTS, SS 2013) held at the University of Passau in Passau\/Germany<\/li>\n<li><strong>Direction Hauptseminar on Current Questions in Human-Machine-Communication<br \/>\n(Hauptseminar Mensch-Maschine-Kommunikation)<\/strong><br \/>\n(5 ECTS, SS 2013 &#8211; SS 2014) held at TUM in Munich\/Germany<\/li>\n<li><strong>Direction Seminar on Human-Machine Communication<br \/>\n(Oberseminar Mensch-Maschine-Kommunikation)<\/strong><br \/>\n(3 ECTS, SS 2010 &#8211; SS 2014) held at TUM in Munich\/Germany<\/li>\n<li><strong>Direction Seminar on Work in Progress In Human-Machine Communication<br \/>\n(Oberseminar Laufende Arbeiten zur Mensch-Maschine-Kommunikation)<\/strong><br \/>\n(3 ECTS, SS 2002 &#8211; SS 2014) held at TUM in Munich\/Germany<\/li>\n<li><strong>Direction (WS 03\/04) Hauptseminar on Current Questions in Human-Machine-Communication (<a href=\"http:\/\/www.mmk.e-technik.tu-muenchen.de\/courses\/hs\/index.html\"> Hauptseminar Mensch-Maschine-Kommunikation<\/a>)<\/strong><br \/>\nSupervised students:<br \/>\nNorbert Binder (WS 00\/01): Fehlerrobuste Mensch-Maschine-Interaktion<br \/>\nStephan Reiter (SS 01): Usability Engineering &#8211; Potential und Technik<br \/>\nFlorian H\u00f6rger (WS 01\/02): Grundfrequenz F0 eines Sprachsignals &#8211; Potenzial und Sch\u00e4tzung<br \/>\nPhilipp Huber (SS 02): Automatische Emotionserkennung aus dem Sprachsignal<br \/>\nRonald M\u00fcller (WS 02\/03): Query by humming als musikalische Benutzerschnittstelle<br \/>\nPhilippe Dupraz (WS 03\/04): Emotionserkennung in nat\u00fcrlichsprachlichen \u00c4u\u00dferungen<br \/>\nMichael H\u00f6chstetter (SS 06): Verfahren zur automatischen Transkription von Musikst\u00fccken<br \/>\nFlorian Eyben (SS 07): Rhythmusmerkmale in der Musiksuche<br \/>\nBenedikt Gollan (SS 08): Automatische Erkennung der Tonart in MP3 Audiost\u00fccken<\/li>\n<\/ol>\n<p><img decoding=\"async\" src=\"http:\/\/schuller.it\/index-Dateien\/C64ready_3.gif\" alt=\"Ready.\" \/><\/p>\n","protected":false},"excerpt":{"rendered":"<p>WiT: Winter Term, SpT: Spring Term, SuT: Summer Term WS: Winter Semester, SS: Summer Semester Lectures Digital Health (5 ECTS, SS 2021 &#8211; SS 2023) held at the University of Augsburg in Augsburg\/Germany Deep Learning for Pattern Recognition (14 hours: 26.05.-09.07.2023, 31.03.-19.05.2023) held online for Chinese students within the Neoscholar\u2026<\/p>\n<p> <a class=\"continue-reading-link\" href=\"http:\/\/www.schuller.it\/bws\/?page_id=253\"><span>Continue reading<\/span><i class=\"crycon-right-dir\"><\/i><\/a> <\/p>\n","protected":false},"author":1,"featured_media":0,"parent":0,"menu_order":0,"comment_status":"closed","ping_status":"closed","template":"","meta":{"footnotes":""},"class_list":["post-253","page","type-page","status-publish","hentry"],"_links":{"self":[{"href":"http:\/\/www.schuller.it\/bws\/index.php?rest_route=\/wp\/v2\/pages\/253","targetHints":{"allow":["GET"]}}],"collection":[{"href":"http:\/\/www.schuller.it\/bws\/index.php?rest_route=\/wp\/v2\/pages"}],"about":[{"href":"http:\/\/www.schuller.it\/bws\/index.php?rest_route=\/wp\/v2\/types\/page"}],"author":[{"embeddable":true,"href":"http:\/\/www.schuller.it\/bws\/index.php?rest_route=\/wp\/v2\/users\/1"}],"replies":[{"embeddable":true,"href":"http:\/\/www.schuller.it\/bws\/index.php?rest_route=%2Fwp%2Fv2%2Fcomments&post=253"}],"version-history":[{"count":33,"href":"http:\/\/www.schuller.it\/bws\/index.php?rest_route=\/wp\/v2\/pages\/253\/revisions"}],"predecessor-version":[{"id":7948,"href":"http:\/\/www.schuller.it\/bws\/index.php?rest_route=\/wp\/v2\/pages\/253\/revisions\/7948"}],"wp:attachment":[{"href":"http:\/\/www.schuller.it\/bws\/index.php?rest_route=%2Fwp%2Fv2%2Fmedia&parent=253"}],"curies":[{"name":"wp","href":"https:\/\/api.w.org\/{rel}","templated":true}]}}