{"id":5286,"date":"2021-04-13T14:08:43","date_gmt":"2021-04-13T14:08:43","guid":{"rendered":"http:\/\/www.schuller.it\/bws\/?page_id=5286"},"modified":"2025-12-06T17:20:56","modified_gmt":"2025-12-06T17:20:56","slug":"broadcast","status":"publish","type":"page","link":"http:\/\/www.schuller.it\/bws\/?page_id=5286","title":{"rendered":"Broadcast"},"content":{"rendered":"<h4>Television &#8211; Personal Interviews and Reports on Personal Work<\/h4>\n<ol>\n<li>Bj\u00f6rn Schuller,\u00a0<em>&#8220;Wie lernt KI Emotionen?&#8221;<\/em>, short broadcast on YouTube Channel Terra X Lesch &amp; Co, ZDF, Germany, 02.12.2025.<\/li>\n<li>Bj\u00f6rn Schuller,\u00a0<em>&#8220;Was ist der Turing-Test?&#8221;<\/em>, short broadcast on YouTube Channel Terra X Lesch &amp; Co, ZDF, Germany, 27.11.2025.<\/li>\n<li>Bj\u00f6rn Schuller, <em>&#8220;Gef\u00fchlsecht? Wie Computer Emotionen lernen&#8221;<\/em>, Explainer broadcast in DE\/CODED &#8211; Wissenschaft entschl\u00fcsselt, Terra X Lesch &amp; Co, ZDF, Germany, 20:05 mins, 19.11.2025.<\/li>\n<li>Bj\u00f6rn Schuller,\u00a0<em>&#8220;Depression \u00b7 Wie kommt man wieder raus?&#8221;<\/em>, Documentary broadcast on ARD, ARD Wissen, ARD, Frank Seibert, Germany, 45:00 mins, 25.07.2025.\u00a0<\/li>\n<li>Bj\u00f6rn Schuller,\u00a0<em>&#8220;Unsere Stimme &#8211; So einzigartig, so manipulierbar!&#8221;<\/em>, documentary broadcast on 3SAT, Germany, 20:15, 45:00 mins, 08.05.2025.<\/li>\n<li>Bj\u00f6rn Schuller,\u00a0<em>&#8220;Therapie per KI&#8221;<\/em>, documentary broadcast on ARTE, Peter Moers, 53:00 mins, Germany\/France, 01.03.2025.<\/li>\n<li>Bj\u00f6rn Schuller,\u00a0<em>&#8220;Physiknobelpreis &#8211; Harald reagiert! (Bjo\u0308rn auch&#8230;und Bjo\u0308rn auch)&#8221;<\/em>, short broadcast on YouTube Channel Terra X Lesch &amp; Co, ZDF, Germany, 08.10.2024.<\/li>\n<li>Bj\u00f6rn Schuller,\u00a0<em>&#8220;Terra X &#8211; K\u00fcnstliche Zukunft? #ChatGPT #ai &amp; co: Sch\u00f6ne neue Welt? | Harald Lesch, Debora Weber-Wulff, Bj\u00f6rn Ommer, Bj\u00f6rn Schuller&#8221;<\/em>, TV live interview broadcast in Terra X, ZDF\/YouTube, Germany, 18:00, 90:00 mins, 18.09.2024.<\/li>\n<li>Bj\u00f6rn Schuller, <em>&#8220;Terra X Harald Lesch &#8211; \u00dcberwachung durch KI&#8221;<\/em>, TV interview broadcast in Terra X, ZDF, Harald Lesch, Germany, 22:45, 29:00 mins, 17.09.2024.<\/li>\n<li>Bj\u00f6rn Schuller, <em>&#8220;Roboter im Bewerbungsverfahren:Wenn KI \u00fcber die Karriere entscheidet&#8221;<\/em>, TV interview broadcast in ZDF Heute, ZDF, Hilke Petersen, London, UK, 06.04.2024.<\/li>\n<li>Bj\u00f6rn Schuller,\u00a0<em>&#8220;Can Computers be Creative?&#8221;<\/em>, TV interview broadcast on Scripps News, &#8220;The Why&#8221;, E. W. Scripps Company, USA, 10:00 PM, 31.01.2023.<\/li>\n<li>Bj\u00f6rn Schuller,\u00a0<em>&#8220;Die Magie von Gesicht und Stimme \/ Visage et voix: ils en disent long&#8221;<\/em>, Documentary broadcast on ARTE, Germany\/France, 53:00 mins, 02.04.2022.<\/li>\n<li>Bj\u00f6rn Schuller,\u00a0<em>&#8220;Mit k\u00fcnstlicher Intelligenz Corona erkennen&#8221;<\/em>, TV interview broadcast on NDR, Servicezeit, 20:15, 6:30 mins, Germany, 30.03.2021.<\/li>\n<li>Bj\u00f6rn Schuller, <em>&#8220;Wie kann man Krankheiten an der Stimme erkennen?&#8221;<\/em>, TV interview broadcast on Servus TV, &#8220;P.M. Wissen&#8221;, Rosmarie Bundz, Austria, 20:15, 5:31 mins, 18.03.2021.<\/li>\n<li>Bj\u00f6rn Schuller, <em>&#8220;Wie kann man Krankheiten an der Stimme erkennen?&#8221;<\/em>, TV interview broadcast on Servus TV, &#8220;P.M. Wissen&#8221;, Rosmarie Bundz, Germany, 21:15, 5:31 mins, 17.03.2021.<\/li>\n<li>Bj\u00f6rn Schuller.\u00a0<em>&#8220;Sprechstunde im Wohnzimmer&#8221;<\/em>, TV interview broadcast on WDR, Servicezeit, Daniela Fonrobert, Germany, 18:15, 26.01.2021.<\/li>\n<li>Bj\u00f6rn Schuller, <em>&#8220;Zeit zu Reden &#8211; K\u00fcnstliche Intelligenz&#8221;<\/em>, TV interview broadcast on a.tv, Zeit zu Reden, Tom Scharnagl, Germany, 28:00 mins, 11.01.2021.<\/li>\n<li>Bj\u00f6rn Schuller,\u00a0<em>&#8220;Voice-app for COVID-19 diagnosis&#8221;<\/em>, TV interview broadcast on EuroNews, Kate Brady, EU, 12.2020.<\/li>\n<li>Bj\u00f6rn Schuller, <em>&#8220;Covid-19: Diagnose dank Stimmprobe?&#8221;,<\/em> TV interview broadcast on arte, Aktuelles und Gesellschaft, Thomas Feldmann, Germany\/France, 3 mins, 12.12.2020.<\/li>\n<li>Bj\u00f6rn Schuller,\u00a0<em>&#8220;Covid-19 Symptome erkennen &#8211; Corona-Test per Husten- und Stimmen-App&#8221;<\/em>, TV interview broadcast on BR Fernsehen, Gut zu Wissen, Germany, 19:00 &#8211; 19:07, 12.12.2020.<\/li>\n<li>Bj\u00f6rn Schuller, <em>&#8220;Corona aktuell: Spracherkennungs-App gegen Corona&#8221;<\/em>, TV interview broadcast on ARD &#8211; Das Erste, MOMA &#8211; Morgenmagazin, Germany, 23.11.2020.<\/li>\n<li>Bj\u00f6rn Schuller,\u00a0<em>&#8220;Am Puls \u2013 Corona-Impfstoff und Symptomerkennung \u00fcber Sprache&#8221;<\/em>, TV interview broadcast on a.tv, Claudia Markert, Augsburg, Germany, 14:00 min, 20.11.2020.<\/li>\n<li>Bj\u00f6rn Schuller, <em>&#8220;Covid-19 an der Stimme erkennen &#8211; Auf den Spuren des Corona-Sounds&#8221;<\/em>, TV interview broadcast on medVideo, Dierk Heimann, Folge 86, me2 medizin- und medien-privatinstitut GmbH, Germany, 05:00 mins, 19.11.2020.<\/li>\n<li>Bj\u00f6rn Schuller,\u00a0<em>&#8220;Corona aus Sprache erkennen App&#8221;<\/em>, TV live interview broadcast on RTL, Guten Morgen Deutschland, Germany, Maurice Gajda, 07:10 &#8211; 07:14, 09.11.2020.<\/li>\n<li>Bj\u00f6rn Schuller,\u00a0<em>&#8220;Corona-Test mit dem Smartphone&#8221;<\/em>, TV interview broadcast on a.tv, Benjamin Wildfeuer, Augsburg, Germany, 03:00 min, 05.11.2020.<\/li>\n<li>Bj\u00f6rn Schuller, <em>&#8220;K\u00fcnstliche Intelligenz \u2013 Chance oder Risiko? &#8211; Wie die Stimme Krankheiten verr\u00e4t&#8221;<\/em>, TV interview broadcast on SWR, Planet Wissen, Germany, 05:59 mins, 04.11.2020.<\/li>\n<li>Bj\u00f6rn Schuller, <em>&#8220;Kann man Sch\u00f6nheit h\u00f6ren?&#8221;<\/em>, TV interview broadcast on WDR, Quarks,\u00a0 Sonja Kolonko, Germany, 05:28 min, 20.10.2020.<\/li>\n<li>Bj\u00f6rn Schuller,\u00a0<em>&#8220;Debatte um die Corona-App &#8211; Gespr\u00e4ch mit Bj\u00f6rn Schuller&#8221;<\/em>, TV interview broadcast on 3Sat, Kulturzeit, Gert Scobel, Germany, Austria, Switzerland, 09:05 &#8211; 09.45, 16.06.2020.<\/li>\n<li>Bj\u00f6rn Schuller, <em>&#8220;Krankheit und KI- Was die Stimme \u00fcber unsere Gesundheit ausplaudert&#8221;<\/em>, TV interview broadcast on SRF, Einstein, Cathrin Caprez, Switzerland, 17:25 &#8211; 18:00, 26.02.2020.<\/li>\n<li>Bj\u00f6rn Schuller, <em>&#8220;Unsere Stimme &#8211; Was sie \u00fcber Pers\u00f6nlichkeit und Krankheiten verr\u00e4t&#8221;<\/em>, TV interview broadcast on BR Fernsehen, Gut zu Wissen, Germany, 19:00 &#8211; 19:07, 07.09.2019.<\/li>\n<li>Bj\u00f6rn Schuller, <em>&#8220;Die Macht der Stimme: Wie die Stimme Krankheiten verr\u00e4t&#8221;<\/em>, TV interview broadcast on ARD, W wie Wissen, Germany, 16:00 &#8211; 16:07, 04.05.2019.<\/li>\n<li>Bj\u00f6rn Schuller,\u00a0<em>&#8220;K\u00fcnstliche Intelligenz &#8211; Sind Maschinen die besseren Menschen?&#8221;<\/em>, TV interview broadcast on Bayerischer Rundfunk Fernsehen (BR), Germany, 19:00 &#8211; 19:30, 13.06.2018.<\/li>\n<li><em>&#8220;Zeno &#8211; Gef\u00fchle vom Roboter lernen&#8221;<\/em>, TV technical demonstration broadcast on Bayerischer Rundfunk Fernsehen (BR), Germany, 17:30 &#8211; 17:32, 23.03.2017.<\/li>\n<li>Bj\u00f6rn Schuller, <em>&#8220;Automatische Erkennung von Emotion aus Sprache und Mimik&#8221;<\/em>, TV technical demonstration broadcast in 1,2 oder 3, Jubil\u00e4umssendung 30 Jahre, 30 L\u00e4nder &#8220;Ohne Worte&#8221;, ZDF, Germany 08:25 AM, 29.09.2007.<\/li>\n<li>Bj\u00f6rn Schuller, <em>&#8220;Automatische Erkennung von Emotion aus Sprache und Mimik&#8221;<\/em>, TV technical demonstration broadcast in 1,2 oder 3, Jubil\u00e4umssendung 30 Jahre, 30 L\u00e4nder &#8220;Ohne Worte&#8221;, ORF, Austria, 08:25 AM, 29.09.2007.<\/li>\n<li>Bj\u00f6rn Schuller, <em>&#8220;Automatische Erkennung von Emotion aus Sprache und Mimik&#8221;<\/em>, TV technical demonstration broadcast in 1,2 oder 3, Jubil\u00e4umssendung 30 Jahre, 30 L\u00e4nder &#8220;Ohne Worte&#8221;, Kinderkanal, Germany, 16:05, 30.09.2007.<\/li>\n<li>Bj\u00f6rn Schuller, <em>&#8220;Intimit\u00e4t im Sprachgebrauch&#8221;<\/em>, TV interview broadcast in RTL Explosiv, RTL, Germany, 2004.<\/li>\n<\/ol>\n<h4>Radio &#8211; Personal Interviews and Reports on Personal Work<\/h4>\n<ol>\n<li>Bj\u00f6rn Schuller,\u00a0<em>&#8220;Gef\u00fchle im Datenstrom? Einsatz und Grenzen der Emotionserkennung durch KI&#8221;<\/em>, Podcast &#8220;Autonomie &amp; Algorithmen&#8221;, Benjamin Paa\u00dfen, Christiane Attig, BMBF, RTL+, Germany, 2024.\u00a0<\/li>\n<li>Bj\u00f6rn Schuller,\u00a0<em>&#8220;Was Ger\u00e4usche in unserem K\u00f6rper verraten&#8221;<\/em>, radio interview broadcast on OE1, Dimensionen, Christine Westerhaus, ORF, Austria, 19:05 &#8211; 26:31 mins, 24.06.2024.<\/li>\n<li>Bj\u00f6rn Schuller,\u00a0<em>&#8220;Was Ger\u00e4usche in unserem K\u00f6rper verraten&#8221;<\/em>, radio interview broadcast on Deutschlandfunk Kultur, Wissenschaft &#8211; Gesundheit, Christine Westerhaus, Germany, 26:31 mins, 21.03.2024.<\/li>\n<li>Bj\u00f6rn Schuller, <em>&#8220;Laut, leise, hoch, tief &#8211; Wieso haben wir unterschiedliche Stimmen?&#8221;<\/em>, radio interview broadcast on Deutschlandfunk Kultur, Kakadu, Patricia Pantel, Aliyah Hamza, Germany, 25:25 mins, 06.02.2024.<\/li>\n<li>Bj\u00f6rn Schuller,\u00a0<em>&#8220;Abgeh\u00f6rt &#8211; Doku \u00fcber das Gesch\u00e4ft mit KI-Stimmanalyse&#8221;<\/em>, radio interview broadcast as ARD Radiofeature, ARD, Germany, 51 mins, 08.10.2023.<\/li>\n<li>Bj\u00f6rn Schuller,\u00a0<em>&#8220;When AI hears a problem&#8221;<\/em>, podcast interview, MIT Technology Review, In Machines We Trust, Season 4, Episode 42, Hilke Schellmann, MIT, USA, 06:05, 32 mins, 17.05.2023.<\/li>\n<li>Bj\u00f6rn Schuller,\u00a0<em>&#8220;Hearing the common cold&#8221;<\/em>, radio interview broadcast on The World, Stephen Snyder, WGBH, Boston, MA, USA, 15:59-16:01 EDT, 11.04.2023.<\/li>\n<li>Bj\u00f6rn Schuller,\u00a0<em>&#8220;App: Emotionserkennung aus der Stimme&#8221;<\/em>, radio interview broadcast on Hessischer Rundfunk 4, hr4-Fr\u00fchsendung,\u00a0 Inka Gluschke, Germany, 06:00, 02:56 mins, 21.09.2022.<\/li>\n<li>Bj\u00f6rn Schuller,\u00a0<em>&#8220;Das Geheimnis der menschlichen Stimme&#8221;<\/em>, radio interview broadcast on MDR, Susanne Krieger, Germany, 53:56, 29.09.2021.<\/li>\n<li>Bj\u00f6rn Schuller, <em>&#8220;Kulturszene: Corona-Erkennung per App&#8221;<\/em>, radio interview broadcast on BR Klassik, Leporello, Franziska Klein, Germany, 17:15, 03:43 mins, 05.05.2021.<\/li>\n<li>Bj\u00f6rn Schuller,\u00a0<em>&#8220;&#8221;<\/em>, radio interview broadcast on Hitradio rt1, News, Anton Enes, Augsburg, Germany, 04\/2021.<\/li>\n<li>Bj\u00f6rn Schuller, <em>&#8220;Corona mithilfe von Apps, Smart Watches, Fitbits diagnostizieren&#8221;<\/em>, radio interview broadcast on WDR5, Quarks, Felix Schledde, Germany, 04.2021.<\/li>\n<li><em>&#8220;Siren_web_client.exe&#8221;<\/em>, scientific advisory for an audioplay broadcast on NDR, Germany, 20:00-21:00, 10.03.2021.<\/li>\n<li>Bj\u00f6rn Schuller,\u00a0<em>&#8220;Covid-19, Parkinson oder Demenz: Diagnose per Sprachanalyse?&#8221;<\/em>, radio interview broadcast on NDR Info, Susanne Birkner, Germany, 12:53, 04:42 mins, 14.12.2020.<\/li>\n<li>Bj\u00f6rn Schuller,\u00a0<em>&#8220;Forschung an neuer App als Schnelltest: Corona am Husten erkennen&#8221;<\/em>, radio interview on Deutschlandfunk Kultur, Zeitfragen, Carina Schroeder, Germany, 26.11.2020.<\/li>\n<li>Bj\u00f6rn Schuller,\u00a0<em>&#8220;Covid-19 \u00fcber Stimme erkennen&#8221;<\/em>, radio interview on Radio BB, BB RADIO Morgenshow, Germany, 06:10-06:13, 23.11.2020.<\/li>\n<li>Bj\u00f6rn Schuller,\u00a0<em>&#8220;Elektronische Patientenakte: Wer darf auf was zugreifen?&#8221;<\/em>, radio interview broadcast on BR5, Das Computermagazin, Florian Regensburger, Germany, 16:35 &#8211; 17:05 \/ 20:35 &#8211; 21:05, 22.11.2020.<\/li>\n<li>Bj\u00f6rn Schuller,\u00a0<em>&#8220;Corona-Diagnose per Sprach-App &#8211; zu sch\u00f6n, um wahr zu sein?&#8221;<\/em>, radio live interview broadcast on Deutschlandfunk Kultur, Studio 9, Ute Welty, Germany, 06:50 &#8211;\u00a0 06:57, 21.11.2020.<\/li>\n<li>Bj\u00f6rn Schuller, &#8220;Corona Sprach-App&#8221;, radio interview broadcast on Hitradio Antenne 1, Patrick Seidl, Stuttgart, Germany, 01:00 min, 16.11.2020.<\/li>\n<li>Bj\u00f6rn Schuller,\u00a0<em>&#8220;Corona und Sprache&#8221;<\/em>, radio live interview broadcast on BR3, Fr\u00fchaufdreher, Germany, 06:00, 12.11.2020.<\/li>\n<li>Bj\u00f6rn Schuller,\u00a0<em>&#8220;Sprachdiagnostik&#8221;<\/em>, radio interview broadcast on M94.5, Munich, Germany, 17:15-17:30, 10.11.2020.<\/li>\n<li>Bj\u00f6rn Schuller, <em>&#8220;Coronadiagnostik &#8211; Stimmanalysen k\u00f6nnten helfen, Infektionen zu erkennen&#8221;<\/em>, in Deutschlandfunk Nova, Verena Keitz, Germany, 05:30 min, 06.11.2020.<\/li>\n<li>Bj\u00f6rn Schuller, <em>&#8220;&#8221;<\/em>, radio interview broadcast on Hitradio rt1, Felix Straube, Rolf Stermann, Augsburg, Germany, 05.11.2020.<\/li>\n<li>Bj\u00f6rn Schuller, <em>&#8220;Forscher testen Spracherkennungs-App gegen Corona&#8221;<\/em>, in BR24, Florian Regensburger, Germany, 11:21 &#8211; 11:24, 04.11.2020.<\/li>\n<li>Bj\u00f6rn Schuller, <em>&#8220;Corona-Warn-App und KI in der Medizin: ein Gespr\u00e4ch mit Prof. Dr.-Ing. habil. Bj\u00f6rn Schuller, f\u00fchrender Experte f\u00fcr den Zusammenhang von Informatik und Medizin&#8221;<\/em>, radio interview broadcast on Bayern 2, Bayern 2 am Samstagvormittag, Johannes Marchl, Germany, 09:05 &#8211; 12:00, 13.06.2020.<\/li>\n<li>Bj\u00f6rn Schuller, <em>&#8220;KI-Forscher \u00fcber Corona-App \u201eDa kommen wir in eine kritische ethische Grauzone\u201c &#8211; Bj\u00f6rn Schuller im Gespr\u00e4ch mit Ute Welty&#8221;<\/em>, radio live interview broadcast on Deutschlandfunk Kultur, Interview, Ute Welty, Germany, 08:00 &#8211; 08:10, 28.03.2020.<\/li>\n<li>Bj\u00f6rn Schuller,\u00a0<em>&#8220;Was die Stimmanalyse \u00fcber die Gesundheit aussagen kann&#8221;<\/em>, radio live interview broadcast on Radio Eins (rbb), Die Profis &#8211; Das popul\u00e4re Wissenschafts-Magazin, Stephan Karkowski, Germany, 10:40 &#8211; 10:46, 21.07.2018.<\/li>\n<li>Bj\u00f6rn Schuller,\u00a0<em>&#8220;Psychologie &#8211; Was die Stimme \u00fcber uns verr\u00e4t&#8221;<\/em>, radio interview broadcast on Deutschlandfunk Kultur, Zeitfragen,\u00a0Carina Fron, Germany, 19:00, 21.06.2018.<\/li>\n<li>Bj\u00f6rn Schuller,<em>\u00a0&#8220;Mein Freund der Roboter?K\u00fcnstliche Intelligenz erobert den Alltag&#8221;<\/em>, radio interview broadcast on Bayerischer Rundfunk 2 (BR2), Evangelische Perspektiven &#8211; Vom Zusammenleben von Mensch und Maschine, Barbara Schneider, Germany, 11.02.2018.<\/li>\n<li>Bj\u00f6rn Schuller,\u00a0<em>&#8220;Interview&#8221;<\/em>, radio interview broadcat on Rundfunk Berlin-Brandenburg (rbb),\u00a0Fritz &#8211; Wort, David Krause, 06:20 AM, 14.09.2017.<\/li>\n<li>Bj\u00f6rn Schuller, <em>&#8220;Erkennt Software Homosexuelle? Gef\u00e4hrliche Bilderkennung&#8221;<\/em>, Deutschlandfunk Nova, Ralf G\u00fcnther, 04:20 &#8211; 4:27 PM, 12.09.2017.<\/li>\n<li>Bj\u00f6rn Schuller, <em>&#8220;Wenn Maschinen die Gef\u00fchle lesen&#8221;<\/em>, radio live interview broadcast on Deutschlandfunk Kultur, Interview-Reihe \u00fcber Technologien, die unsere Zukunft entscheidend gestalten, Kirsten Kl\u00fcmper\/Liane von Billerbeck, 07:35 &#8211; 07:45, 08.08.2017.<\/li>\n<li><em>&#8220;Uni Passau haucht Roboter Gef\u00fchle ein&#8221;<\/em>, radio interview broadcast on Erster Bayerischer Rundfunk (BR1), Isabella Wittmann, 20.03.2017.<\/li>\n<li>audEERING,\u00a0<em>&#8220;K\u00fcnstliche Intelligenz muss von Herzen kommen&#8221;<\/em>, W&amp;V, 02.2018.<\/li>\n<li>Bj\u00f6rn Schuller,\u00a0<em>&#8220;Magazin Maschinen mit Herz und emotionale Hunde&#8221;<\/em>, radio interview broadcast on Deutschlandradio Kultur, Zeitfragen &#8211; Forschung und Gesellschaft, Thomas Reintjes, Germany, 02.02.2017.<\/li>\n<li>Bj\u00f6rn Schuller,\u00a0<em>&#8220;Verh\u00e4ltnis Mensch-Maschine im Jahr 2050&#8221;<\/em>, radio interview broacast on\u00a0Inforadio, Rundfunk Berlin-Brandenburg (rbb), Anna Hanke, 7:10-7:20 AM, Germany, 25.11.2016.<\/li>\n<li>Bj\u00f6rn Schuller,\u00a0<i>&#8220;Grosse Gef\u00fchle &#8211; Robotik und Emotionen&#8221;<\/i>, radio interview broadcast on radiobremen\/Nordwestradio , &#8220;Glauben und Wissen&#8221;, Tina W\u00fcrfel, Germany, 11:00 AM-01:00 PM, 22.02.2015.<\/li>\n<li>Bj\u00f6rn Schuller,\u00a0<i>&#8220;Maschinen und Emotionen&#8221;<\/i>, live radio interview broadcast on DRadio Wissen, Deutschlandradio, &#8220;Roboter wir f\u00fchlen mit dir&#8221;, Germany, 07:10-07:20 PM, 27.01.2015.<\/li>\n<li>Bj\u00f6rn Schuller,\u00a0<i>&#8220;Vom Computer zum H\u00f6rger\u00e4t. Spracherkennung und Schallforschung im 21. Jahrhundert.&#8221;<\/i>, radio interview broadcat on OE1, \u00d6sterreichischer Rundfunk, &#8220;Dimensionen &#8211; die Welt der Wissenschaft&#8221;, Marlene Nowotny, Austria, 07:05-07:30 PM, 27.10.2014.<\/li>\n<li>Bj\u00f6rn Schuller,\u00a0<i>&#8220;Wie sich Gef\u00fchle berechnen lassen&#8221;<\/i>, radio interview broadcast on WDR 5, &#8220;Der vermessene Mensch (5\/10)&#8221;, Uwe Springfeld, Germany, 14.09.2014.<\/li>\n<li>Bj\u00f6rn Schuller,\u00a0<i>&#8220;Wie sich Gef\u00fchle berechnen lassen&#8221;<\/i>, radio interview broadcast on SWR 2, &#8220;Der vermessene Mensch (7\/10)&#8221;, Uwe Springfeld, Germany, 08:30-09:00 AM, 14.06.2014.<\/li>\n<li>Bj\u00f6rn Schuller,\u00a0<i>&#8220;Zwischent\u00f6ne f\u00fcr Computer&#8221;<\/i>, radio interview broadcat on Deutschlandfunk, &#8220;Forschung Aktuell&#8221;, Ralf Krauter, Germany, 06.11.2013.<\/li>\n<li>Bj\u00f6rn Schuller,<i> &#8220;Spracherkennungssoftware &#8211; wo sie inzwischen \u00fcberall angewendet wird&#8221;<\/i>, radio interview broadcast on Zweiter Bayerischer Rundfunk (BR2), &#8220;Radiowelt&#8221;, Thomas Kempe, Germany, 07:00 AM, 22.03.2012.<\/li>\n<li>Bj\u00f6rn Schuller,<i> &#8220;Mit Stimme ankommen: Wie weit ist Spracherkennung per Computer gediehen&#8221;<\/i>, radio interview broadcat on Zweiter Bayerischer Rundfunk (BR2), &#8220;Notizbuch&#8221;, Christian Schiffer, Germany, 11:00 AM, 22.07.2011.<\/li>\n<li>Bj\u00f6rn Schuller,<i> &#8220;Stand und M\u00f6glichkeiten der Spracherkennung&#8221;<\/i>, radio interview broadcat on Bayern 5 Aktuell (BR5), &#8220;Computermagazin&#8221;, Christian Schiffer, Germany, 04:35 PM, 24.07.2011.<\/li>\n<li>Bj\u00f6rn Schuller,<i> &#8220;Extraktion von Refrains in Musik&#8221;<\/i>, radio interview broadcast on S\u00fcdwestdeutscher Rundfunk 4 (SWR4), Germany, 28.11.2007.<\/li>\n<\/ol>\n<p><img decoding=\"async\" src=\"http:\/\/schuller.it\/index-Dateien\/C64ready_3.gif\" alt=\"Ready.\" \/><\/p>\n\n\n<p><\/p>\n","protected":false},"excerpt":{"rendered":"<p>Television &#8211; Personal Interviews and Reports on Personal Work Bj\u00f6rn Schuller,\u00a0&#8220;Wie lernt KI Emotionen?&#8221;, short broadcast on YouTube Channel Terra X Lesch &amp; Co, ZDF, Germany, 02.12.2025. Bj\u00f6rn Schuller,\u00a0&#8220;Was ist der Turing-Test?&#8221;, short broadcast on YouTube Channel Terra X Lesch &amp; Co, ZDF, Germany, 27.11.2025. Bj\u00f6rn Schuller, &#8220;Gef\u00fchlsecht? Wie Computer\u2026<\/p>\n<p> <a class=\"continue-reading-link\" href=\"http:\/\/www.schuller.it\/bws\/?page_id=5286\"><span>Continue reading<\/span><i class=\"crycon-right-dir\"><\/i><\/a> <\/p>\n","protected":false},"author":1,"featured_media":0,"parent":0,"menu_order":0,"comment_status":"closed","ping_status":"closed","template":"","meta":{"footnotes":""},"class_list":["post-5286","page","type-page","status-publish","hentry"],"_links":{"self":[{"href":"http:\/\/www.schuller.it\/bws\/index.php?rest_route=\/wp\/v2\/pages\/5286","targetHints":{"allow":["GET"]}}],"collection":[{"href":"http:\/\/www.schuller.it\/bws\/index.php?rest_route=\/wp\/v2\/pages"}],"about":[{"href":"http:\/\/www.schuller.it\/bws\/index.php?rest_route=\/wp\/v2\/types\/page"}],"author":[{"embeddable":true,"href":"http:\/\/www.schuller.it\/bws\/index.php?rest_route=\/wp\/v2\/users\/1"}],"replies":[{"embeddable":true,"href":"http:\/\/www.schuller.it\/bws\/index.php?rest_route=%2Fwp%2Fv2%2Fcomments&post=5286"}],"version-history":[{"count":57,"href":"http:\/\/www.schuller.it\/bws\/index.php?rest_route=\/wp\/v2\/pages\/5286\/revisions"}],"predecessor-version":[{"id":8170,"href":"http:\/\/www.schuller.it\/bws\/index.php?rest_route=\/wp\/v2\/pages\/5286\/revisions\/8170"}],"wp:attachment":[{"href":"http:\/\/www.schuller.it\/bws\/index.php?rest_route=%2Fwp%2Fv2%2Fmedia&parent=5286"}],"curies":[{"name":"wp","href":"https:\/\/api.w.org\/{rel}","templated":true}]}}