{"id":6296,"date":"2022-09-03T08:17:18","date_gmt":"2022-09-03T08:17:18","guid":{"rendered":"http:\/\/www.schuller.it\/bws\/?page_id=6296"},"modified":"2024-12-12T18:43:54","modified_gmt":"2024-12-12T18:43:54","slug":"data","status":"publish","type":"page","link":"http:\/\/www.schuller.it\/bws\/?page_id=6296","title":{"rendered":"Data and Models"},"content":{"rendered":"\n<ol class=\"wp-block-list\">\n<li>Shahin Amiriparian, Filip Packa\u0144, Maurice Gerczuk, Bj\u00f6rn W. Schuller:<em> &#8220;ExHuBERT: Enhancing HuBERT Through Block Extension and Fine-Tuning on 37 Emotion Datasets&#8221;<\/em>, <a href=\"https:\/\/huggingface.co\/amiriparian\/ExHuBERT\">https:\/\/huggingface.co\/amiriparian\/ExHuBERT<\/a>, 2024.<\/li>\n\n\n\n<li>Xin Jing, Luyang Zhang, Jiangjian Xie, Alexander Gebhard, Alice Baird, Bj\u00f6rn Schuller: <em>&#8220;DB3V: A Dialect Dominated Dataset of Bird Vocalisation for Cross-corpus Bird Species Recognition&#8221;<\/em>, <a href=\"https:\/\/zenodo.org\/records\/11544734\">https:\/\/zenodo.org\/records\/11544734<\/a>, 2024.<\/li>\n\n\n\n<li>Harry &nbsp;Coppock, Jobie Budd, Emma Karoune, Chris Holmes, Kieran Baker, Davide Pigoli, George Nicholson, Richard Payne, Ivan Kiskin, Josef Packham, Ana Tendero Ca\u00f1adas, Selina Patel, Sabrina Egglestone, Alexander Titcomb, David Hurley, Lorraine Butler, Tracey Thornley, Jonathon Mellor, Stephen Roberts, Steven Gilmour, Bj\u00f6rn Schuller, &nbsp;Vasiliki Koutra, Radka Jersakova, Peter Diggle, Sylvia Richardson: <em>&#8220;The UK COVID-19 Vocal Audio Dataset&#8221;<\/em>, <a href=\"https:\/\/zenodo.org\/records\/10043978\">https:\/\/zenodo.org\/records\/10043978<\/a>, 2023.<\/li>\n\n\n\n<li>Adria Mallol-Ragolta,&nbsp;Nils Urbach,&nbsp;Shuo Liu,&nbsp;Anton Batliner,&nbsp;<a href=\"https:\/\/orcid.org\/0000-0002-6478-8699\"><\/a>&nbsp;Bj\u00f6rn Schuller: <em>&#8220;The MASCFLICHT Corpus&#8221;<\/em>, <a href=\"https:\/\/zenodo.org\/record\/7985457\">https:\/\/zenodo.org\/record\/7985457<\/a>, 2023.<\/li>\n\n\n\n<li>Johannes Wagner, Andreas Triantafyllopoulos, Hagen Wierstorf, Maximilian Schmitt, Felix Burkhardt, Florian Eyben, Bj\u00f6rn W. Schuller: <em>&#8220;Model for Dimensional Speech Emotion Recognition based on Wav2vec 2.0&#8221;<\/em>, <a href=\"https:\/\/zenodo.org\/record\/6221127\">https:\/\/zenodo.org\/record\/6221127<\/a>, 2023.<\/li>\n\n\n\n<li><a href=\"https:\/\/orcid.org\/0000-0001-6855-485X\"><\/a>&nbsp;Andreas Triantafyllopoulos, Anastasia Semertzidou, Meishu Song,&nbsp;&nbsp;Florian B. Pokorny,&nbsp;&nbsp;Bj\u00f6rn W. Schuller: <em>&#8220;COVYT: Introducing the Coronavirus YouTube speech dataset featuring the same speakers with&nbsp;and without infection&#8221;<\/em>, <a href=\"https:\/\/zenodo.org\/record\/6962930#.YxMNHy223T8\">https:\/\/zenodo.org\/record\/6962930#.YxMNHy223T8<\/a>, 2022.<\/li>\n\n\n\n<li>Adria Mallol-Ragolta, Anastasia Smertzidou, Maria Pateraki, Bj\u00f6rn Schuller: <em>&#8220;harAGE Corpus&#8221;<\/em>, <a href=\"https:\/\/zenodo.org\/record\/6517688#.Yxm5AexByhA\">https:\/\/zenodo.org\/record\/6517688#.Yxm5AexByhA<\/a>, 2022.<\/li>\n\n\n\n<li>Lukas Christ, Shahin Amiriparian, Alexander Kathan, Niklas M\u00fcller, Andreas K\u00f6nig, Bj\u00f6rn W. Schuller: <em>&#8220;Passau-SFCH&#8221;<\/em>, <a href=\"https:\/\/zenodo.org\/record\/7086222#.YynD-OxByAk\">https:\/\/zenodo.org\/record\/7086222#.YynD-OxByAk<\/a>, 2022.<\/li>\n<\/ol>\n\n\n\n<p>&nbsp;<\/p>\n","protected":false},"excerpt":{"rendered":"<p>&nbsp;<\/p>\n<p> <a class=\"continue-reading-link\" href=\"http:\/\/www.schuller.it\/bws\/?page_id=6296\"><span>Continue reading<\/span><i class=\"crycon-right-dir\"><\/i><\/a> <\/p>\n","protected":false},"author":1,"featured_media":0,"parent":0,"menu_order":0,"comment_status":"closed","ping_status":"closed","template":"","meta":{"footnotes":""},"class_list":["post-6296","page","type-page","status-publish","hentry"],"_links":{"self":[{"href":"http:\/\/www.schuller.it\/bws\/index.php?rest_route=\/wp\/v2\/pages\/6296","targetHints":{"allow":["GET"]}}],"collection":[{"href":"http:\/\/www.schuller.it\/bws\/index.php?rest_route=\/wp\/v2\/pages"}],"about":[{"href":"http:\/\/www.schuller.it\/bws\/index.php?rest_route=\/wp\/v2\/types\/page"}],"author":[{"embeddable":true,"href":"http:\/\/www.schuller.it\/bws\/index.php?rest_route=\/wp\/v2\/users\/1"}],"replies":[{"embeddable":true,"href":"http:\/\/www.schuller.it\/bws\/index.php?rest_route=%2Fwp%2Fv2%2Fcomments&post=6296"}],"version-history":[{"count":15,"href":"http:\/\/www.schuller.it\/bws\/index.php?rest_route=\/wp\/v2\/pages\/6296\/revisions"}],"predecessor-version":[{"id":7711,"href":"http:\/\/www.schuller.it\/bws\/index.php?rest_route=\/wp\/v2\/pages\/6296\/revisions\/7711"}],"wp:attachment":[{"href":"http:\/\/www.schuller.it\/bws\/index.php?rest_route=%2Fwp%2Fv2%2Fmedia&parent=6296"}],"curies":[{"name":"wp","href":"https:\/\/api.w.org\/{rel}","templated":true}]}}