{"id":7,"date":"2015-12-06T16:44:19","date_gmt":"2015-12-06T16:44:19","guid":{"rendered":"http:\/\/www.schuller.it\/bws\/?page_id=7"},"modified":"2026-02-13T11:55:56","modified_gmt":"2026-02-13T11:55:56","slug":"geneaology","status":"publish","type":"page","link":"http:\/\/www.schuller.it\/bws\/?page_id=7","title":{"rendered":"Geneaology"},"content":{"rendered":"<p>Advisor (year of doctoral degree):<br \/>\n<strong>Friedrich Leibniz<\/strong><br \/>\n<strong>Jakob Thomasius<\/strong> (1643)<br \/>\n<strong>Otto Mencke<\/strong> (1665)<br \/>\n<strong>Johann Christoph Wichmannshausen<\/strong> (1685)<br \/>\n<strong>Christian August Hausen<\/strong> (1713)<br \/>\n<strong>Abraham Gotthelf K\u00e4stner<\/strong> (1739)<br \/>\n<strong>Johann Friedrich Pfaff<\/strong> (1786)<br \/>\n<strong>Carl Friedrich Gau\u00df<\/strong> (1799)<br \/>\n<strong>Christoph Gudermann<\/strong> (1841)<br \/>\n<strong>Karl Theodor Wilhelm Weierstra\u00df<\/strong> (1854)<br \/>\n<strong>Georg Ferdinand Frobenius<\/strong> (1870)<br \/>\n<strong>Issai Schur<\/strong> (1901)<br \/>\n<strong>Wilhelm Specht<\/strong> (1932)<br \/>\n<strong>Hermann Haken<\/strong> (1951)<br \/>\n<strong>Manfred Lang<\/strong> (1969)<\/p>\n<p><strong><i>Bj\u00f6rn Wolfgang Schuller<\/i><\/strong> (2006)<\/p>\n<p><strong>Martin W\u00f6llmer<\/strong> (2013), <strong>Florian Eyben<\/strong> (2015), <strong>Zixing Zhang<\/strong> (2015), <strong>Felix Weninger<\/strong> (2015),\u00a0<strong>Jun Deng<\/strong> (2016),\u00a0<strong>Yue Zhang-Weninger<\/strong> (2018), <strong>Kun Qian<\/strong> (2018), <strong>George Trigeorgis<\/strong> (2018), <strong>Simone Hantke<\/strong> (2019), <strong>Florian Pokorny<\/strong> (2019),\u00a0<strong>Erik Marchi\u00a0<\/strong>(2019),\u00a0<strong>Shahin Amiriparian\u00a0<\/strong>(2019), <strong>Raymond Br\u00fcckner<\/strong> (2020), <strong>Gil Keren<\/strong> (2020),\u00a0<strong>Jing Han\u00a0<\/strong>(2020), <strong>Vedhas Pandit<\/strong> (2021), <strong>Zhao Ren<\/strong> (2022),\u00a0<strong>Maximilian Schmitt<\/strong> (2022),\u00a0<strong>Josef Schmid\u00a0<\/strong>(2022), <strong>Panagiotis Tzirakis<\/strong> (2022), <strong>Lukas Stappen<\/strong> (2022), <strong>Alice Emily Baird<\/strong> (2022), <strong>Shuo Liu<\/strong> (2022), <strong>Rodrigo Mira<\/strong> (2023), <strong>Ali Girayhan \u00d6zbay<\/strong> (2023), <strong>Harry Coppock<\/strong> (2024), <strong>Georgios Rizos<\/strong> (2024), <strong>Gauri Deshpande<\/strong> (2024), <strong>Srividya Tirunellai Rajamani<\/strong> (2024), <strong>Najla Al Futaisi<\/strong> (2024), <strong>Mostafa Mahmoud Amin<\/strong> (2025), <strong>Vincent Karas<\/strong> (2025), <strong>Yi Chang<\/strong> (2025),\u00a0<strong>Zijiang Yang <\/strong>(2025),\u00a0<strong>Alican Akman<\/strong> (2025),\u00a0<strong>Joseph Ye<\/strong> (2025),\u00a0<strong>Manuel Milling\u00a0<\/strong>(2025),\u00a0<strong>Xiangheng He\u00a0<\/strong>(2026), <strong>Andreas Triantafyllopoulos<\/strong> (2026)<\/p>\n<p><img decoding=\"async\" src=\"http:\/\/schuller.it\/index-Dateien\/C64ready_3.gif\" alt=\"Ready.\" \/><\/p>\n","protected":false},"excerpt":{"rendered":"<p>Advisor (year of doctoral degree): Friedrich Leibniz Jakob Thomasius (1643) Otto Mencke (1665) Johann Christoph Wichmannshausen (1685) Christian August Hausen (1713) Abraham Gotthelf K\u00e4stner (1739) Johann Friedrich Pfaff (1786) Carl Friedrich Gau\u00df (1799) Christoph Gudermann (1841) Karl Theodor Wilhelm Weierstra\u00df (1854) Georg Ferdinand Frobenius (1870) Issai Schur (1901) Wilhelm Specht\u2026<\/p>\n<p> <a class=\"continue-reading-link\" href=\"http:\/\/www.schuller.it\/bws\/?page_id=7\"><span>Continue reading<\/span><i class=\"crycon-right-dir\"><\/i><\/a> <\/p>\n","protected":false},"author":1,"featured_media":0,"parent":0,"menu_order":0,"comment_status":"closed","ping_status":"closed","template":"","meta":{"footnotes":""},"class_list":["post-7","page","type-page","status-publish","hentry"],"_links":{"self":[{"href":"http:\/\/www.schuller.it\/bws\/index.php?rest_route=\/wp\/v2\/pages\/7","targetHints":{"allow":["GET"]}}],"collection":[{"href":"http:\/\/www.schuller.it\/bws\/index.php?rest_route=\/wp\/v2\/pages"}],"about":[{"href":"http:\/\/www.schuller.it\/bws\/index.php?rest_route=\/wp\/v2\/types\/page"}],"author":[{"embeddable":true,"href":"http:\/\/www.schuller.it\/bws\/index.php?rest_route=\/wp\/v2\/users\/1"}],"replies":[{"embeddable":true,"href":"http:\/\/www.schuller.it\/bws\/index.php?rest_route=%2Fwp%2Fv2%2Fcomments&post=7"}],"version-history":[{"count":39,"href":"http:\/\/www.schuller.it\/bws\/index.php?rest_route=\/wp\/v2\/pages\/7\/revisions"}],"predecessor-version":[{"id":8244,"href":"http:\/\/www.schuller.it\/bws\/index.php?rest_route=\/wp\/v2\/pages\/7\/revisions\/8244"}],"wp:attachment":[{"href":"http:\/\/www.schuller.it\/bws\/index.php?rest_route=%2Fwp%2Fv2%2Fmedia&parent=7"}],"curies":[{"name":"wp","href":"https:\/\/api.w.org\/{rel}","templated":true}]}}